{"id":86,"date":"2016-11-05T08:49:15","date_gmt":"2016-11-05T07:49:15","guid":{"rendered":"http:\/\/arser.org\/?page_id=86"},"modified":"2024-06-05T17:28:55","modified_gmt":"2024-06-05T15:28:55","slug":"temoignages-actualites-chroniques","status":"publish","type":"page","link":"https:\/\/resra.bruet.com\/fr\/temoignages-actualites-chroniques\/","title":{"rendered":"T\u00e9moignages, Articles &#038; Chroniques"},"content":{"rendered":"<p>Vous trouverez ci-dessous une s\u00e9lection de t\u00e9moignages, d&rsquo;extraits de publication ou des r\u00e9flexions de nos sp\u00e9cialistes sur l&rsquo;avanc\u00e9e de la recherche et de chroniques de la vie de l&rsquo;association.<\/p>\n<p>Bonne lecture&#8230;<\/p>\n<h3>T\u00e9moignages de patients<\/h3>\n<p>[pt_view id=\u00a0\u00bb643abc1795&Prime;]<\/p>\n<h3>Articles, congr\u00e8s, TV et \u00e9ditoriaux<\/h3>\n<p>[pt_view id=\u00a0\u00bb7faee0doex\u00a0\u00bb]<\/p>\n<h3>Chroniques et annales de la vie de l\u2019Association<\/h3>\n<p>[pt_view id=\u00a0\u00bbca63072l0a\u00a0\u00bb]<\/p>","protected":false},"excerpt":{"rendered":"<p>Vous trouverez ci-dessous une s\u00e9lection de t\u00e9moignages, d&rsquo;extraits de publication ou des r\u00e9flexions de nos sp\u00e9cialistes sur l&rsquo;avanc\u00e9e de la recherche et de chroniques de la vie de l&rsquo;association. Bonne lecture&#8230; T\u00e9moignages de patients [pt_view id=\u00a0\u00bb643abc1795&Prime;] Articles, congr\u00e8s, TV et \u00e9ditoriaux [pt_view id=\u00a0\u00bb7faee0doex\u00a0\u00bb] Chroniques et annales de la vie de l\u2019Association [pt_view id=\u00a0\u00bbca63072l0a\u00a0\u00bb]<\/p>\n","protected":false},"author":1,"featured_media":0,"parent":0,"menu_order":0,"comment_status":"closed","ping_status":"closed","template":"","meta":{"_bbp_topic_count":0,"_bbp_reply_count":0,"_bbp_total_topic_count":0,"_bbp_total_reply_count":0,"_bbp_voice_count":0,"_bbp_anonymous_reply_count":0,"_bbp_topic_count_hidden":0,"_bbp_reply_count_hidden":0,"_bbp_forum_subforum_count":0,"footnotes":""},"class_list":["post-86","page","type-page","status-publish","hentry"],"yoast_head":"<!-- This site is optimized with the Yoast SEO plugin v27.1.1 - https:\/\/yoast.com\/product\/yoast-seo-wordpress\/ -->\r\n<title>T\u00e9moignages, Articles &amp; Chroniques - Association pour la Recherche sur les S\u00e9quelles de la Radioth\u00e9rapie<\/title>\r\n<meta name=\"robots\" content=\"index, follow, max-snippet:-1, max-image-preview:large, max-video-preview:-1\" \/>\r\n<link rel=\"canonical\" href=\"https:\/\/resra.bruet.com\/fr\/temoignages-actualites-chroniques\/\" \/>\r\n<meta property=\"og:locale\" content=\"fr_FR\" \/>\r\n<meta property=\"og:type\" content=\"article\" \/>\r\n<meta property=\"og:title\" content=\"T\u00e9moignages, Articles &amp; Chroniques - Association pour la Recherche sur les S\u00e9quelles de la Radioth\u00e9rapie\" \/>\r\n<meta property=\"og:description\" content=\"Vous trouverez ci-dessous une s\u00e9lection de t\u00e9moignages, d&rsquo;extraits de publication ou des r\u00e9flexions de nos sp\u00e9cialistes sur l&rsquo;avanc\u00e9e de la recherche et de chroniques de la vie de l&rsquo;association. Bonne lecture&#8230; T\u00e9moignages de patients [pt_view id=\u00a0\u00bb643abc1795&Prime;] Articles, congr\u00e8s, TV et \u00e9ditoriaux [pt_view id=\u00a0\u00bb7faee0doex\u00a0\u00bb] Chroniques et annales de la vie de l\u2019Association [pt_view id=\u00a0\u00bbca63072l0a\u00a0\u00bb]\" \/>\r\n<meta property=\"og:url\" content=\"https:\/\/resra.bruet.com\/fr\/temoignages-actualites-chroniques\/\" \/>\r\n<meta property=\"og:site_name\" content=\"Association pour la Recherche sur les S\u00e9quelles de la Radioth\u00e9rapie\" \/>\r\n<meta property=\"article:publisher\" content=\"https:\/\/www.facebook.com\/profile.php?id=100086562396208\" \/>\r\n<meta property=\"article:modified_time\" content=\"2024-06-05T15:28:55+00:00\" \/>\r\n<meta name=\"twitter:card\" content=\"summary_large_image\" \/>\r\n<meta name=\"twitter:label1\" content=\"Dur\u00e9e de lecture estim\u00e9e\" \/>\n\t<meta name=\"twitter:data1\" content=\"1 minute\" \/>\r\n<script type=\"application\/ld+json\" class=\"yoast-schema-graph\">{\"@context\":\"https:\/\/schema.org\",\"@graph\":[{\"@type\":\"WebPage\",\"@id\":\"https:\/\/resra.bruet.com\/fr\/temoignages-actualites-chroniques\/\",\"url\":\"https:\/\/resra.bruet.com\/fr\/temoignages-actualites-chroniques\/\",\"name\":\"T\u00e9moignages, Articles & Chroniques - Association pour la Recherche sur les S\u00e9quelles de la Radioth\u00e9rapie\",\"isPartOf\":{\"@id\":\"https:\/\/resra.bruet.com\/fr\/#website\"},\"datePublished\":\"2016-11-05T07:49:15+00:00\",\"dateModified\":\"2024-06-05T15:28:55+00:00\",\"breadcrumb\":{\"@id\":\"https:\/\/resra.bruet.com\/fr\/temoignages-actualites-chroniques\/#breadcrumb\"},\"inLanguage\":\"fr-FR\",\"potentialAction\":[{\"@type\":\"ReadAction\",\"target\":[[\"https:\/\/resra.bruet.com\/fr\/temoignages-actualites-chroniques\/\"]]}]},{\"@type\":\"BreadcrumbList\",\"@id\":\"https:\/\/resra.bruet.com\/fr\/temoignages-actualites-chroniques\/#breadcrumb\",\"itemListElement\":[{\"@type\":\"ListItem\",\"position\":1,\"name\":\"Accueil\",\"item\":\"https:\/\/resra.bruet.com\/fr\/\"},{\"@type\":\"ListItem\",\"position\":2,\"name\":\"T\u00e9moignages, Articles &#038; Chroniques\"}]},{\"@type\":\"WebSite\",\"@id\":\"https:\/\/resra.bruet.com\/fr\/#website\",\"url\":\"https:\/\/resra.bruet.com\/fr\/\",\"name\":\"Association pour la Recherche sur les S\u00e9quelles de la Radioth\u00e9rapie\",\"description\":\"Aider les patients ayant suivi une radioth\u00e9rapie \u00e0 en minimiser les s\u00e9quelles\",\"publisher\":{\"@id\":\"https:\/\/resra.bruet.com\/fr\/#organization\"},\"potentialAction\":[{\"@type\":\"SearchAction\",\"target\":{\"@type\":\"EntryPoint\",\"urlTemplate\":\"https:\/\/resra.bruet.com\/fr\/?s={search_term_string}\"},\"query-input\":{\"@type\":\"PropertyValueSpecification\",\"valueRequired\":true,\"valueName\":\"search_term_string\"}}],\"inLanguage\":\"fr-FR\"},{\"@type\":\"Organization\",\"@id\":\"https:\/\/resra.bruet.com\/fr\/#organization\",\"name\":\"Association pour la Recherche sur les S\u00e9quelles de la Radioth\u00e9rapie\",\"url\":\"https:\/\/resra.bruet.com\/fr\/\",\"logo\":{\"@type\":\"ImageObject\",\"inLanguage\":\"fr-FR\",\"@id\":\"https:\/\/resra.bruet.com\/fr\/#\/schema\/logo\/image\/\",\"url\":\"https:\/\/resra.bruet.com\/wp-content\/uploads\/2022\/03\/logo-Grand-ARSER-web-carre.jpg\",\"contentUrl\":\"https:\/\/resra.bruet.com\/wp-content\/uploads\/2022\/03\/logo-Grand-ARSER-web-carre.jpg\",\"width\":300,\"height\":300,\"caption\":\"Association pour la Recherche sur les S\u00e9quelles de la Radioth\u00e9rapie\"},\"image\":{\"@id\":\"https:\/\/resra.bruet.com\/fr\/#\/schema\/logo\/image\/\"},\"sameAs\":[\"https:\/\/www.facebook.com\/profile.php?id=100086562396208\"]}]}<\/script>\r\n<!-- \/ Yoast SEO plugin. -->","yoast_head_json":{"title":"T\u00e9moignages, Articles & Chroniques - Association pour la Recherche sur les S\u00e9quelles de la Radioth\u00e9rapie","robots":{"index":"index","follow":"follow","max-snippet":"max-snippet:-1","max-image-preview":"max-image-preview:large","max-video-preview":"max-video-preview:-1"},"canonical":"https:\/\/resra.bruet.com\/fr\/temoignages-actualites-chroniques\/","og_locale":"fr_FR","og_type":"article","og_title":"T\u00e9moignages, Articles & Chroniques - Association pour la Recherche sur les S\u00e9quelles de la Radioth\u00e9rapie","og_description":"Vous trouverez ci-dessous une s\u00e9lection de t\u00e9moignages, d&rsquo;extraits de publication ou des r\u00e9flexions de nos sp\u00e9cialistes sur l&rsquo;avanc\u00e9e de la recherche et de chroniques de la vie de l&rsquo;association. Bonne lecture&#8230; T\u00e9moignages de patients [pt_view id=\u00a0\u00bb643abc1795&Prime;] Articles, congr\u00e8s, TV et \u00e9ditoriaux [pt_view id=\u00a0\u00bb7faee0doex\u00a0\u00bb] Chroniques et annales de la vie de l\u2019Association [pt_view id=\u00a0\u00bbca63072l0a\u00a0\u00bb]","og_url":"https:\/\/resra.bruet.com\/fr\/temoignages-actualites-chroniques\/","og_site_name":"Association pour la Recherche sur les S\u00e9quelles de la Radioth\u00e9rapie","article_publisher":"https:\/\/www.facebook.com\/profile.php?id=100086562396208","article_modified_time":"2024-06-05T15:28:55+00:00","twitter_card":"summary_large_image","twitter_misc":{"Dur\u00e9e de lecture estim\u00e9e":"1 minute"},"schema":{"@context":"https:\/\/schema.org","@graph":[{"@type":"WebPage","@id":"https:\/\/resra.bruet.com\/fr\/temoignages-actualites-chroniques\/","url":"https:\/\/resra.bruet.com\/fr\/temoignages-actualites-chroniques\/","name":"T\u00e9moignages, Articles & Chroniques - Association pour la Recherche sur les S\u00e9quelles de la Radioth\u00e9rapie","isPartOf":{"@id":"https:\/\/resra.bruet.com\/fr\/#website"},"datePublished":"2016-11-05T07:49:15+00:00","dateModified":"2024-06-05T15:28:55+00:00","breadcrumb":{"@id":"https:\/\/resra.bruet.com\/fr\/temoignages-actualites-chroniques\/#breadcrumb"},"inLanguage":"fr-FR","potentialAction":[{"@type":"ReadAction","target":[["https:\/\/resra.bruet.com\/fr\/temoignages-actualites-chroniques\/"]]}]},{"@type":"BreadcrumbList","@id":"https:\/\/resra.bruet.com\/fr\/temoignages-actualites-chroniques\/#breadcrumb","itemListElement":[{"@type":"ListItem","position":1,"name":"Accueil","item":"https:\/\/resra.bruet.com\/fr\/"},{"@type":"ListItem","position":2,"name":"T\u00e9moignages, Articles &#038; Chroniques"}]},{"@type":"WebSite","@id":"https:\/\/resra.bruet.com\/fr\/#website","url":"https:\/\/resra.bruet.com\/fr\/","name":"Association pour la Recherche sur les S\u00e9quelles de la Radioth\u00e9rapie","description":"Aider les patients ayant suivi une radioth\u00e9rapie \u00e0 en minimiser les s\u00e9quelles","publisher":{"@id":"https:\/\/resra.bruet.com\/fr\/#organization"},"potentialAction":[{"@type":"SearchAction","target":{"@type":"EntryPoint","urlTemplate":"https:\/\/resra.bruet.com\/fr\/?s={search_term_string}"},"query-input":{"@type":"PropertyValueSpecification","valueRequired":true,"valueName":"search_term_string"}}],"inLanguage":"fr-FR"},{"@type":"Organization","@id":"https:\/\/resra.bruet.com\/fr\/#organization","name":"Association pour la Recherche sur les S\u00e9quelles de la Radioth\u00e9rapie","url":"https:\/\/resra.bruet.com\/fr\/","logo":{"@type":"ImageObject","inLanguage":"fr-FR","@id":"https:\/\/resra.bruet.com\/fr\/#\/schema\/logo\/image\/","url":"https:\/\/resra.bruet.com\/wp-content\/uploads\/2022\/03\/logo-Grand-ARSER-web-carre.jpg","contentUrl":"https:\/\/resra.bruet.com\/wp-content\/uploads\/2022\/03\/logo-Grand-ARSER-web-carre.jpg","width":300,"height":300,"caption":"Association pour la Recherche sur les S\u00e9quelles de la Radioth\u00e9rapie"},"image":{"@id":"https:\/\/resra.bruet.com\/fr\/#\/schema\/logo\/image\/"},"sameAs":["https:\/\/www.facebook.com\/profile.php?id=100086562396208"]}]}},"_links":{"self":[{"href":"https:\/\/resra.bruet.com\/fr\/wp-json\/wp\/v2\/pages\/86","targetHints":{"allow":["GET"]}}],"collection":[{"href":"https:\/\/resra.bruet.com\/fr\/wp-json\/wp\/v2\/pages"}],"about":[{"href":"https:\/\/resra.bruet.com\/fr\/wp-json\/wp\/v2\/types\/page"}],"author":[{"embeddable":true,"href":"https:\/\/resra.bruet.com\/fr\/wp-json\/wp\/v2\/users\/1"}],"replies":[{"embeddable":true,"href":"https:\/\/resra.bruet.com\/fr\/wp-json\/wp\/v2\/comments?post=86"}],"version-history":[{"count":28,"href":"https:\/\/resra.bruet.com\/fr\/wp-json\/wp\/v2\/pages\/86\/revisions"}],"predecessor-version":[{"id":15613,"href":"https:\/\/resra.bruet.com\/fr\/wp-json\/wp\/v2\/pages\/86\/revisions\/15613"}],"wp:attachment":[{"href":"https:\/\/resra.bruet.com\/fr\/wp-json\/wp\/v2\/media?parent=86"}],"curies":[{"name":"wp","href":"https:\/\/api.w.org\/{rel}","templated":true}]}}