{"id":6,"date":"2020-09-11T16:02:00","date_gmt":"2020-09-11T14:02:00","guid":{"rendered":"http:\/\/arser.org\/?page_id=6"},"modified":"2024-06-04T15:04:05","modified_gmt":"2024-06-04T13:04:05","slug":"accueil","status":"publish","type":"page","link":"https:\/\/resra.bruet.com\/fr\/","title":{"rendered":"Accueil &#038; \u00c9ditorial"},"content":{"rendered":"<p>L&rsquo;Association pour la Recherche sur les S\u00c9quelles de la Radioth\u00e9rapie (ARSER) est une association de patients qui a pour missions essentielles :<\/p>\n<ol>\n<li style=\"list-style-type: none;\">\n<ol>\n<li>l&rsquo;am\u00e9lioration des chances de survie des personnes atteintes,<\/li>\n<li>la diminution des souffrances dues aux s\u00e9quelles de la radioth\u00e9rapie.<\/li>\n<\/ol>\n<\/li>\n<\/ol>\n<p>Dans ce but, l\u2019ARSER vise \u00e0 d\u00e9velopper la recherche sur les s\u00e9quelles de la radioth\u00e9rapie, et donc pour y parvenir, \u00e0 collecter des fonds.<\/p>\n<p>Son but n\u2019est pas revendicatif : l\u2019ARSER n\u2019est pas destin\u00e9e \u00e0 regrouper des patients consid\u00e9rant qu\u2019ils sont des \u00ab victimes \u00bb de la radioth\u00e9rapie. L&rsquo;ARSER veut informer patients et m\u00e9decins des progr\u00e8s de la recherche sur les s\u00e9quelles de la radioth\u00e9rapie et la financer.<\/p>\n<p>Le Dr Sylvie Delanian est parmi les tout premiers m\u00e9decins au monde \u00e0 s\u2019\u00eatre souci\u00e9e, en tant que radioth\u00e9rapeute, des s\u00e9quelles de la radioth\u00e9rapie et d\u2019y avoir apport\u00e9 des r\u00e9ponses en particulier des traitements d\u00e9j\u00e0 en application depuis plus de 10 ans.<\/p>\n<p>Elle a men\u00e9 avec Jean-Louis Lefaix, chercheur au CEA, puis avec le Dr Pierre-Fran\u00e7ois Pradat, neurologue, des recherches pour mieux comprendre les m\u00e9canismes et d\u00e9velopper de nouveaux traitements susceptibles de r\u00e9duire ces s\u00e9quelles.<\/p>\n<p>De nombreux patients, gu\u00e9ris de longue date de leur cancer, dits \u00ab longs survivants \u00bb et hors circuit m\u00e9dical, ignorent souvent que les sympt\u00f4mes mal syst\u00e9matis\u00e9s dont ils souffrent sont des s\u00e9quelles de la radioth\u00e9rapie.<\/p>\n<h4 class=\"edito\">\u00c9dito<\/h4>\n<p>[pt_view id=\u00a0\u00bbb0ce91bclh\u00a0\u00bb]<\/p>","protected":false},"excerpt":{"rendered":"<p>L&rsquo;Association pour la Recherche sur les S\u00c9quelles de la Radioth\u00e9rapie (ARSER) est une association de patients qui a pour missions essentielles : l&rsquo;am\u00e9lioration des chances de survie des personnes atteintes, la diminution des souffrances dues aux s\u00e9quelles de la radioth\u00e9rapie. Dans ce but, l\u2019ARSER vise \u00e0 d\u00e9velopper la recherche sur les s\u00e9quelles de la radioth\u00e9rapie, &hellip; <a href=\"https:\/\/resra.bruet.com\/fr\/\" class=\"more-link\">Continuer la lecture<span class=\"screen-reader-text\"> de &laquo;&nbsp;Accueil &#038; \u00c9ditorial&nbsp;&raquo;<\/span><\/a><\/p>\n","protected":false},"author":1,"featured_media":0,"parent":0,"menu_order":0,"comment_status":"closed","ping_status":"closed","template":"","meta":{"_bbp_topic_count":0,"_bbp_reply_count":0,"_bbp_total_topic_count":0,"_bbp_total_reply_count":0,"_bbp_voice_count":0,"_bbp_anonymous_reply_count":0,"_bbp_topic_count_hidden":0,"_bbp_reply_count_hidden":0,"_bbp_forum_subforum_count":0,"footnotes":""},"class_list":["post-6","page","type-page","status-publish","hentry"],"yoast_head":"<!-- This site is optimized with the Yoast SEO plugin v27.1.1 - https:\/\/yoast.com\/product\/yoast-seo-wordpress\/ -->\r\n<title>Accueil &amp; \u00c9ditorial - Association pour la Recherche sur les S\u00e9quelles de la Radioth\u00e9rapie<\/title>\r\n<meta name=\"robots\" content=\"index, follow, max-snippet:-1, max-image-preview:large, max-video-preview:-1\" \/>\r\n<link rel=\"canonical\" href=\"https:\/\/resra.bruet.com\/fr\/\" \/>\r\n<meta property=\"og:locale\" content=\"fr_FR\" \/>\r\n<meta property=\"og:type\" content=\"article\" \/>\r\n<meta property=\"og:title\" content=\"Accueil &amp; \u00c9ditorial - Association pour la Recherche sur les S\u00e9quelles de la Radioth\u00e9rapie\" \/>\r\n<meta property=\"og:description\" content=\"L&rsquo;Association pour la Recherche sur les S\u00c9quelles de la Radioth\u00e9rapie (ARSER) est une association de patients qui a pour missions essentielles : l&rsquo;am\u00e9lioration des chances de survie des personnes atteintes, la diminution des souffrances dues aux s\u00e9quelles de la radioth\u00e9rapie. Dans ce but, l\u2019ARSER vise \u00e0 d\u00e9velopper la recherche sur les s\u00e9quelles de la radioth\u00e9rapie, &hellip; Continuer la lecture de &laquo;&nbsp;Accueil &#038; \u00c9ditorial&nbsp;&raquo;\" \/>\r\n<meta property=\"og:url\" content=\"https:\/\/resra.bruet.com\/fr\/\" \/>\r\n<meta property=\"og:site_name\" content=\"Association pour la Recherche sur les S\u00e9quelles de la Radioth\u00e9rapie\" \/>\r\n<meta property=\"article:publisher\" content=\"https:\/\/www.facebook.com\/profile.php?id=100086562396208\" \/>\r\n<meta property=\"article:modified_time\" content=\"2024-06-04T13:04:05+00:00\" \/>\r\n<meta name=\"twitter:card\" content=\"summary_large_image\" \/>\r\n<meta name=\"twitter:label1\" content=\"Dur\u00e9e de lecture estim\u00e9e\" \/>\n\t<meta name=\"twitter:data1\" content=\"2 minutes\" \/>\r\n<script type=\"application\/ld+json\" class=\"yoast-schema-graph\">{\"@context\":\"https:\/\/schema.org\",\"@graph\":[{\"@type\":\"WebPage\",\"@id\":\"https:\/\/resra.bruet.com\/fr\/\",\"url\":\"https:\/\/resra.bruet.com\/fr\/\",\"name\":\"Accueil & \u00c9ditorial - Association pour la Recherche sur les S\u00e9quelles de la Radioth\u00e9rapie\",\"isPartOf\":{\"@id\":\"https:\/\/resra.bruet.com\/fr\/#website\"},\"datePublished\":\"2020-09-11T14:02:00+00:00\",\"dateModified\":\"2024-06-04T13:04:05+00:00\",\"breadcrumb\":{\"@id\":\"https:\/\/resra.bruet.com\/fr\/#breadcrumb\"},\"inLanguage\":\"fr-FR\",\"potentialAction\":[{\"@type\":\"ReadAction\",\"target\":[[\"https:\/\/resra.bruet.com\/fr\/\"]]}]},{\"@type\":\"BreadcrumbList\",\"@id\":\"https:\/\/resra.bruet.com\/fr\/#breadcrumb\",\"itemListElement\":[{\"@type\":\"ListItem\",\"position\":1,\"name\":\"Accueil\",\"item\":\"https:\/\/resra.bruet.com\/fr\/\"},{\"@type\":\"ListItem\",\"position\":2,\"name\":\"Accueil &#038; \u00c9ditorial\"}]},{\"@type\":\"WebSite\",\"@id\":\"https:\/\/resra.bruet.com\/fr\/#website\",\"url\":\"https:\/\/resra.bruet.com\/fr\/\",\"name\":\"Association pour la Recherche sur les S\u00e9quelles de la Radioth\u00e9rapie\",\"description\":\"Aider les patients ayant suivi une radioth\u00e9rapie \u00e0 en minimiser les s\u00e9quelles\",\"publisher\":{\"@id\":\"https:\/\/resra.bruet.com\/fr\/#organization\"},\"potentialAction\":[{\"@type\":\"SearchAction\",\"target\":{\"@type\":\"EntryPoint\",\"urlTemplate\":\"https:\/\/resra.bruet.com\/fr\/?s={search_term_string}\"},\"query-input\":{\"@type\":\"PropertyValueSpecification\",\"valueRequired\":true,\"valueName\":\"search_term_string\"}}],\"inLanguage\":\"fr-FR\"},{\"@type\":\"Organization\",\"@id\":\"https:\/\/resra.bruet.com\/fr\/#organization\",\"name\":\"Association pour la Recherche sur les S\u00e9quelles de la Radioth\u00e9rapie\",\"url\":\"https:\/\/resra.bruet.com\/fr\/\",\"logo\":{\"@type\":\"ImageObject\",\"inLanguage\":\"fr-FR\",\"@id\":\"https:\/\/resra.bruet.com\/fr\/#\/schema\/logo\/image\/\",\"url\":\"https:\/\/resra.bruet.com\/wp-content\/uploads\/2022\/03\/logo-Grand-ARSER-web-carre.jpg\",\"contentUrl\":\"https:\/\/resra.bruet.com\/wp-content\/uploads\/2022\/03\/logo-Grand-ARSER-web-carre.jpg\",\"width\":300,\"height\":300,\"caption\":\"Association pour la Recherche sur les S\u00e9quelles de la Radioth\u00e9rapie\"},\"image\":{\"@id\":\"https:\/\/resra.bruet.com\/fr\/#\/schema\/logo\/image\/\"},\"sameAs\":[\"https:\/\/www.facebook.com\/profile.php?id=100086562396208\"]}]}<\/script>\r\n<!-- \/ Yoast SEO plugin. -->","yoast_head_json":{"title":"Accueil & \u00c9ditorial - Association pour la Recherche sur les S\u00e9quelles de la Radioth\u00e9rapie","robots":{"index":"index","follow":"follow","max-snippet":"max-snippet:-1","max-image-preview":"max-image-preview:large","max-video-preview":"max-video-preview:-1"},"canonical":"https:\/\/resra.bruet.com\/fr\/","og_locale":"fr_FR","og_type":"article","og_title":"Accueil & \u00c9ditorial - Association pour la Recherche sur les S\u00e9quelles de la Radioth\u00e9rapie","og_description":"L&rsquo;Association pour la Recherche sur les S\u00c9quelles de la Radioth\u00e9rapie (ARSER) est une association de patients qui a pour missions essentielles : l&rsquo;am\u00e9lioration des chances de survie des personnes atteintes, la diminution des souffrances dues aux s\u00e9quelles de la radioth\u00e9rapie. Dans ce but, l\u2019ARSER vise \u00e0 d\u00e9velopper la recherche sur les s\u00e9quelles de la radioth\u00e9rapie, &hellip; Continuer la lecture de &laquo;&nbsp;Accueil &#038; \u00c9ditorial&nbsp;&raquo;","og_url":"https:\/\/resra.bruet.com\/fr\/","og_site_name":"Association pour la Recherche sur les S\u00e9quelles de la Radioth\u00e9rapie","article_publisher":"https:\/\/www.facebook.com\/profile.php?id=100086562396208","article_modified_time":"2024-06-04T13:04:05+00:00","twitter_card":"summary_large_image","twitter_misc":{"Dur\u00e9e de lecture estim\u00e9e":"2 minutes"},"schema":{"@context":"https:\/\/schema.org","@graph":[{"@type":"WebPage","@id":"https:\/\/resra.bruet.com\/fr\/","url":"https:\/\/resra.bruet.com\/fr\/","name":"Accueil & \u00c9ditorial - Association pour la Recherche sur les S\u00e9quelles de la Radioth\u00e9rapie","isPartOf":{"@id":"https:\/\/resra.bruet.com\/fr\/#website"},"datePublished":"2020-09-11T14:02:00+00:00","dateModified":"2024-06-04T13:04:05+00:00","breadcrumb":{"@id":"https:\/\/resra.bruet.com\/fr\/#breadcrumb"},"inLanguage":"fr-FR","potentialAction":[{"@type":"ReadAction","target":[["https:\/\/resra.bruet.com\/fr\/"]]}]},{"@type":"BreadcrumbList","@id":"https:\/\/resra.bruet.com\/fr\/#breadcrumb","itemListElement":[{"@type":"ListItem","position":1,"name":"Accueil","item":"https:\/\/resra.bruet.com\/fr\/"},{"@type":"ListItem","position":2,"name":"Accueil &#038; \u00c9ditorial"}]},{"@type":"WebSite","@id":"https:\/\/resra.bruet.com\/fr\/#website","url":"https:\/\/resra.bruet.com\/fr\/","name":"Association pour la Recherche sur les S\u00e9quelles de la Radioth\u00e9rapie","description":"Aider les patients ayant suivi une radioth\u00e9rapie \u00e0 en minimiser les s\u00e9quelles","publisher":{"@id":"https:\/\/resra.bruet.com\/fr\/#organization"},"potentialAction":[{"@type":"SearchAction","target":{"@type":"EntryPoint","urlTemplate":"https:\/\/resra.bruet.com\/fr\/?s={search_term_string}"},"query-input":{"@type":"PropertyValueSpecification","valueRequired":true,"valueName":"search_term_string"}}],"inLanguage":"fr-FR"},{"@type":"Organization","@id":"https:\/\/resra.bruet.com\/fr\/#organization","name":"Association pour la Recherche sur les S\u00e9quelles de la Radioth\u00e9rapie","url":"https:\/\/resra.bruet.com\/fr\/","logo":{"@type":"ImageObject","inLanguage":"fr-FR","@id":"https:\/\/resra.bruet.com\/fr\/#\/schema\/logo\/image\/","url":"https:\/\/resra.bruet.com\/wp-content\/uploads\/2022\/03\/logo-Grand-ARSER-web-carre.jpg","contentUrl":"https:\/\/resra.bruet.com\/wp-content\/uploads\/2022\/03\/logo-Grand-ARSER-web-carre.jpg","width":300,"height":300,"caption":"Association pour la Recherche sur les S\u00e9quelles de la Radioth\u00e9rapie"},"image":{"@id":"https:\/\/resra.bruet.com\/fr\/#\/schema\/logo\/image\/"},"sameAs":["https:\/\/www.facebook.com\/profile.php?id=100086562396208"]}]}},"_links":{"self":[{"href":"https:\/\/resra.bruet.com\/fr\/wp-json\/wp\/v2\/pages\/6","targetHints":{"allow":["GET"]}}],"collection":[{"href":"https:\/\/resra.bruet.com\/fr\/wp-json\/wp\/v2\/pages"}],"about":[{"href":"https:\/\/resra.bruet.com\/fr\/wp-json\/wp\/v2\/types\/page"}],"author":[{"embeddable":true,"href":"https:\/\/resra.bruet.com\/fr\/wp-json\/wp\/v2\/users\/1"}],"replies":[{"embeddable":true,"href":"https:\/\/resra.bruet.com\/fr\/wp-json\/wp\/v2\/comments?post=6"}],"version-history":[{"count":50,"href":"https:\/\/resra.bruet.com\/fr\/wp-json\/wp\/v2\/pages\/6\/revisions"}],"predecessor-version":[{"id":18685,"href":"https:\/\/resra.bruet.com\/fr\/wp-json\/wp\/v2\/pages\/6\/revisions\/18685"}],"wp:attachment":[{"href":"https:\/\/resra.bruet.com\/fr\/wp-json\/wp\/v2\/media?parent=6"}],"curies":[{"name":"wp","href":"https:\/\/api.w.org\/{rel}","templated":true}]}}