{"id":21038,"date":"2025-05-19T20:04:56","date_gmt":"2025-05-19T18:04:56","guid":{"rendered":"https:\/\/resra.bruet.com\/?page_id=21038"},"modified":"2025-06-03T03:02:20","modified_gmt":"2025-06-03T01:02:20","slug":"vivre-avec-son-handicap","status":"publish","type":"page","link":"https:\/\/resra.bruet.com\/fr\/vivre-avec-son-handicap\/","title":{"rendered":"Vivre avec son Handicap"},"content":{"rendered":"<p>Vous trouverez ci-dessous des pistes d&rsquo;int\u00e9r\u00eat pour aider \u00e0 vivre au quotidien certains types de handicaps induits par la radioth\u00e9rapie.<\/p>\n<p>Bonne lecture&#8230;<\/p>\n<h3>Handicap membre sup\u00e9rieur<\/h3>\n<p>Il existe diverses aides \u00e0 la vie quotidienne pour les personnes dont un bras a \u00e9t\u00e9 touch\u00e9 par la radioth\u00e9rapie.<\/p>\n<p>Par exemple, voir le livre :<\/p>\n<p><a href=\"https:\/\/www.editionsdelamartiniere.fr\/livres\/la-cuisine-du-quotidien-a-une-main\"><img loading=\"lazy\" decoding=\"async\" class=\"alignnone wp-image-21382\" src=\"https:\/\/resra.bruet.com\/wp-content\/uploads\/2025\/06\/cuisine-a-une-main-213x300.jpg\" alt=\"\" width=\"163\" height=\"230\" srcset=\"https:\/\/resra.bruet.com\/wp-content\/uploads\/2025\/06\/cuisine-a-une-main-213x300.jpg 213w, https:\/\/resra.bruet.com\/wp-content\/uploads\/2025\/06\/cuisine-a-une-main-727x1024.jpg 727w, https:\/\/resra.bruet.com\/wp-content\/uploads\/2025\/06\/cuisine-a-une-main-768x1081.jpg 768w, https:\/\/resra.bruet.com\/wp-content\/uploads\/2025\/06\/cuisine-a-une-main-1091x1536.jpg 1091w, https:\/\/resra.bruet.com\/wp-content\/uploads\/2025\/06\/cuisine-a-une-main-1455x2048.jpg 1455w, https:\/\/resra.bruet.com\/wp-content\/uploads\/2025\/06\/cuisine-a-une-main-1200x1689.jpg 1200w, https:\/\/resra.bruet.com\/wp-content\/uploads\/2025\/06\/cuisine-a-une-main-scaled.jpg 1818w\" sizes=\"auto, (max-width: 163px) 85vw, 163px\" \/><\/a><\/p>\n<p>On peut \u00e9galement trouver sur le net divers sites proposant des dispositifs d&rsquo;aide \u00e0 la vie quotidienne, comme :<\/p>\n<ul>\n<li style=\"list-style-type: none;\">\n<ul>\n<li style=\"list-style-type: none;\">\n<ul>\n<li style=\"list-style-type: none;\">\n<ul>\n<li><a href=\"https:\/\/www.identites.eu\/plan-preparation-maxi.htm\">un plan d&rsquo;aide \u00e0 la pr\u00e9paration pour les repas<\/a>, ou <a href=\"https:\/\/www.identites.eu\/anneau-ventouse-sucker.htm\">un anneau ventouse pour maintenir les pots de yaourts<\/a> ;<\/li>\n<li><a href=\"https:\/\/www.systergo.fr\/12-vie-quotidienne\">divers objets simples et pratiques pour les gestes du quotidien<\/a> ;<\/li>\n<li>liste non limitative&#8230;<\/li>\n<\/ul>\n<\/li>\n<\/ul>\n<\/li>\n<\/ul>\n<\/li>\n<\/ul>\n<h3>Handicap membres inf\u00e9rieurs<\/h3>\n<h3>Handicap ORL<\/h3>\n<p>[pt_view id=\u00a0\u00bbf340053wz5&Prime;]<\/p>","protected":false},"excerpt":{"rendered":"<p>Vous trouverez ci-dessous des pistes d&rsquo;int\u00e9r\u00eat pour aider \u00e0 vivre au quotidien certains types de handicaps induits par la radioth\u00e9rapie. Bonne lecture&#8230; Handicap membre sup\u00e9rieur Il existe diverses aides \u00e0 la vie quotidienne pour les personnes dont un bras a \u00e9t\u00e9 touch\u00e9 par la radioth\u00e9rapie. Par exemple, voir le livre : On peut \u00e9galement trouver &hellip; <a href=\"https:\/\/resra.bruet.com\/fr\/vivre-avec-son-handicap\/\" class=\"more-link\">Continuer la lecture<span class=\"screen-reader-text\"> de &laquo;&nbsp;Vivre avec son Handicap&nbsp;&raquo;<\/span><\/a><\/p>\n","protected":false},"author":1519,"featured_media":0,"parent":0,"menu_order":0,"comment_status":"closed","ping_status":"closed","template":"","meta":{"_bbp_topic_count":0,"_bbp_reply_count":0,"_bbp_total_topic_count":0,"_bbp_total_reply_count":0,"_bbp_voice_count":0,"_bbp_anonymous_reply_count":0,"_bbp_topic_count_hidden":0,"_bbp_reply_count_hidden":0,"_bbp_forum_subforum_count":0,"footnotes":""},"class_list":["post-21038","page","type-page","status-publish","hentry"],"yoast_head":"<!-- This site is optimized with the Yoast SEO plugin v27.1.1 - https:\/\/yoast.com\/product\/yoast-seo-wordpress\/ -->\r\n<title>Vivre avec son Handicap - Association pour la Recherche sur les S\u00e9quelles de la Radioth\u00e9rapie<\/title>\r\n<meta name=\"robots\" content=\"index, follow, max-snippet:-1, max-image-preview:large, max-video-preview:-1\" \/>\r\n<link rel=\"canonical\" href=\"https:\/\/resra.bruet.com\/fr\/vivre-avec-son-handicap\/\" \/>\r\n<meta property=\"og:locale\" content=\"fr_FR\" \/>\r\n<meta property=\"og:type\" content=\"article\" \/>\r\n<meta property=\"og:title\" content=\"Vivre avec son Handicap - Association pour la Recherche sur les S\u00e9quelles de la Radioth\u00e9rapie\" \/>\r\n<meta property=\"og:description\" content=\"Vous trouverez ci-dessous des pistes d&rsquo;int\u00e9r\u00eat pour aider \u00e0 vivre au quotidien certains types de handicaps induits par la radioth\u00e9rapie. Bonne lecture&#8230; Handicap membre sup\u00e9rieur Il existe diverses aides \u00e0 la vie quotidienne pour les personnes dont un bras a \u00e9t\u00e9 touch\u00e9 par la radioth\u00e9rapie. Par exemple, voir le livre : On peut \u00e9galement trouver &hellip; Continuer la lecture de &laquo;&nbsp;Vivre avec son Handicap&nbsp;&raquo;\" \/>\r\n<meta property=\"og:url\" content=\"https:\/\/resra.bruet.com\/fr\/vivre-avec-son-handicap\/\" \/>\r\n<meta property=\"og:site_name\" content=\"Association pour la Recherche sur les S\u00e9quelles de la Radioth\u00e9rapie\" \/>\r\n<meta property=\"article:publisher\" content=\"https:\/\/www.facebook.com\/profile.php?id=100086562396208\" \/>\r\n<meta property=\"article:modified_time\" content=\"2025-06-03T01:02:20+00:00\" \/>\r\n<meta property=\"og:image\" content=\"https:\/\/resra.bruet.com\/wp-content\/uploads\/2025\/06\/cuisine-a-une-main-scaled.jpg\" \/>\r\n\t<meta property=\"og:image:width\" content=\"1818\" \/>\r\n\t<meta property=\"og:image:height\" content=\"2560\" \/>\r\n\t<meta property=\"og:image:type\" content=\"image\/jpeg\" \/>\r\n<meta name=\"twitter:card\" content=\"summary_large_image\" \/>\r\n<meta name=\"twitter:label1\" content=\"Dur\u00e9e de lecture estim\u00e9e\" \/>\n\t<meta name=\"twitter:data1\" content=\"1 minute\" \/>\r\n<script type=\"application\/ld+json\" class=\"yoast-schema-graph\">{\"@context\":\"https:\/\/schema.org\",\"@graph\":[{\"@type\":\"WebPage\",\"@id\":\"https:\/\/resra.bruet.com\/fr\/vivre-avec-son-handicap\/\",\"url\":\"https:\/\/resra.bruet.com\/fr\/vivre-avec-son-handicap\/\",\"name\":\"Vivre avec son Handicap - Association pour la Recherche sur les S\u00e9quelles de la Radioth\u00e9rapie\",\"isPartOf\":{\"@id\":\"https:\/\/resra.bruet.com\/fr\/#website\"},\"primaryImageOfPage\":{\"@id\":\"https:\/\/resra.bruet.com\/fr\/vivre-avec-son-handicap\/#primaryimage\"},\"image\":{\"@id\":\"https:\/\/resra.bruet.com\/vivre-avec-son-handicap\/#primaryimage\"},\"thumbnailUrl\":\"https:\/\/resra.bruet.com\/wp-content\/uploads\/2025\/06\/cuisine-a-une-main-213x300.jpg\",\"datePublished\":\"2025-05-19T18:04:56+00:00\",\"dateModified\":\"2025-06-03T01:02:20+00:00\",\"breadcrumb\":{\"@id\":\"https:\/\/resra.bruet.com\/fr\/vivre-avec-son-handicap\/#breadcrumb\"},\"inLanguage\":\"fr-FR\",\"potentialAction\":[{\"@type\":\"ReadAction\",\"target\":[[\"https:\/\/resra.bruet.com\/fr\/vivre-avec-son-handicap\/\"]]}]},{\"@type\":\"ImageObject\",\"inLanguage\":\"fr-FR\",\"@id\":\"https:\/\/resra.bruet.com\/fr\/vivre-avec-son-handicap\/#primaryimage\",\"url\":\"https:\/\/resra.bruet.com\/wp-content\/uploads\/2025\/06\/cuisine-a-une-main-213x300.jpg\",\"contentUrl\":\"https:\/\/resra.bruet.com\/wp-content\/uploads\/2025\/06\/cuisine-a-une-main-213x300.jpg\"},{\"@type\":\"BreadcrumbList\",\"@id\":\"https:\/\/resra.bruet.com\/fr\/vivre-avec-son-handicap\/#breadcrumb\",\"itemListElement\":[{\"@type\":\"ListItem\",\"position\":1,\"name\":\"Accueil\",\"item\":\"https:\/\/resra.bruet.com\/fr\/\"},{\"@type\":\"ListItem\",\"position\":2,\"name\":\"Vivre avec son Handicap\"}]},{\"@type\":\"WebSite\",\"@id\":\"https:\/\/resra.bruet.com\/fr\/#website\",\"url\":\"https:\/\/resra.bruet.com\/fr\/\",\"name\":\"Association pour la Recherche sur les S\u00e9quelles de la Radioth\u00e9rapie\",\"description\":\"Aider les patients ayant suivi une radioth\u00e9rapie \u00e0 en minimiser les s\u00e9quelles\",\"publisher\":{\"@id\":\"https:\/\/resra.bruet.com\/fr\/#organization\"},\"potentialAction\":[{\"@type\":\"SearchAction\",\"target\":{\"@type\":\"EntryPoint\",\"urlTemplate\":\"https:\/\/resra.bruet.com\/fr\/?s={search_term_string}\"},\"query-input\":{\"@type\":\"PropertyValueSpecification\",\"valueRequired\":true,\"valueName\":\"search_term_string\"}}],\"inLanguage\":\"fr-FR\"},{\"@type\":\"Organization\",\"@id\":\"https:\/\/resra.bruet.com\/fr\/#organization\",\"name\":\"Association pour la Recherche sur les S\u00e9quelles de la Radioth\u00e9rapie\",\"url\":\"https:\/\/resra.bruet.com\/fr\/\",\"logo\":{\"@type\":\"ImageObject\",\"inLanguage\":\"fr-FR\",\"@id\":\"https:\/\/resra.bruet.com\/fr\/#\/schema\/logo\/image\/\",\"url\":\"https:\/\/resra.bruet.com\/wp-content\/uploads\/2022\/03\/logo-Grand-ARSER-web-carre.jpg\",\"contentUrl\":\"https:\/\/resra.bruet.com\/wp-content\/uploads\/2022\/03\/logo-Grand-ARSER-web-carre.jpg\",\"width\":300,\"height\":300,\"caption\":\"Association pour la Recherche sur les S\u00e9quelles de la Radioth\u00e9rapie\"},\"image\":{\"@id\":\"https:\/\/resra.bruet.com\/fr\/#\/schema\/logo\/image\/\"},\"sameAs\":[\"https:\/\/www.facebook.com\/profile.php?id=100086562396208\"]}]}<\/script>\r\n<!-- \/ Yoast SEO plugin. -->","yoast_head_json":{"title":"Vivre avec son Handicap - Association pour la Recherche sur les S\u00e9quelles de la Radioth\u00e9rapie","robots":{"index":"index","follow":"follow","max-snippet":"max-snippet:-1","max-image-preview":"max-image-preview:large","max-video-preview":"max-video-preview:-1"},"canonical":"https:\/\/resra.bruet.com\/fr\/vivre-avec-son-handicap\/","og_locale":"fr_FR","og_type":"article","og_title":"Vivre avec son Handicap - Association pour la Recherche sur les S\u00e9quelles de la Radioth\u00e9rapie","og_description":"Vous trouverez ci-dessous des pistes d&rsquo;int\u00e9r\u00eat pour aider \u00e0 vivre au quotidien certains types de handicaps induits par la radioth\u00e9rapie. Bonne lecture&#8230; Handicap membre sup\u00e9rieur Il existe diverses aides \u00e0 la vie quotidienne pour les personnes dont un bras a \u00e9t\u00e9 touch\u00e9 par la radioth\u00e9rapie. Par exemple, voir le livre : On peut \u00e9galement trouver &hellip; Continuer la lecture de &laquo;&nbsp;Vivre avec son Handicap&nbsp;&raquo;","og_url":"https:\/\/resra.bruet.com\/fr\/vivre-avec-son-handicap\/","og_site_name":"Association pour la Recherche sur les S\u00e9quelles de la Radioth\u00e9rapie","article_publisher":"https:\/\/www.facebook.com\/profile.php?id=100086562396208","article_modified_time":"2025-06-03T01:02:20+00:00","og_image":[{"width":1818,"height":2560,"url":"https:\/\/resra.bruet.com\/wp-content\/uploads\/2025\/06\/cuisine-a-une-main-scaled.jpg","type":"image\/jpeg"}],"twitter_card":"summary_large_image","twitter_misc":{"Dur\u00e9e de lecture estim\u00e9e":"1 minute"},"schema":{"@context":"https:\/\/schema.org","@graph":[{"@type":"WebPage","@id":"https:\/\/resra.bruet.com\/fr\/vivre-avec-son-handicap\/","url":"https:\/\/resra.bruet.com\/fr\/vivre-avec-son-handicap\/","name":"Vivre avec son Handicap - Association pour la Recherche sur les S\u00e9quelles de la Radioth\u00e9rapie","isPartOf":{"@id":"https:\/\/resra.bruet.com\/fr\/#website"},"primaryImageOfPage":{"@id":"https:\/\/resra.bruet.com\/fr\/vivre-avec-son-handicap\/#primaryimage"},"image":{"@id":"https:\/\/resra.bruet.com\/vivre-avec-son-handicap\/#primaryimage"},"thumbnailUrl":"https:\/\/resra.bruet.com\/wp-content\/uploads\/2025\/06\/cuisine-a-une-main-213x300.jpg","datePublished":"2025-05-19T18:04:56+00:00","dateModified":"2025-06-03T01:02:20+00:00","breadcrumb":{"@id":"https:\/\/resra.bruet.com\/fr\/vivre-avec-son-handicap\/#breadcrumb"},"inLanguage":"fr-FR","potentialAction":[{"@type":"ReadAction","target":[["https:\/\/resra.bruet.com\/fr\/vivre-avec-son-handicap\/"]]}]},{"@type":"ImageObject","inLanguage":"fr-FR","@id":"https:\/\/resra.bruet.com\/fr\/vivre-avec-son-handicap\/#primaryimage","url":"https:\/\/resra.bruet.com\/wp-content\/uploads\/2025\/06\/cuisine-a-une-main-213x300.jpg","contentUrl":"https:\/\/resra.bruet.com\/wp-content\/uploads\/2025\/06\/cuisine-a-une-main-213x300.jpg"},{"@type":"BreadcrumbList","@id":"https:\/\/resra.bruet.com\/fr\/vivre-avec-son-handicap\/#breadcrumb","itemListElement":[{"@type":"ListItem","position":1,"name":"Accueil","item":"https:\/\/resra.bruet.com\/fr\/"},{"@type":"ListItem","position":2,"name":"Vivre avec son Handicap"}]},{"@type":"WebSite","@id":"https:\/\/resra.bruet.com\/fr\/#website","url":"https:\/\/resra.bruet.com\/fr\/","name":"Association pour la Recherche sur les S\u00e9quelles de la Radioth\u00e9rapie","description":"Aider les patients ayant suivi une radioth\u00e9rapie \u00e0 en minimiser les s\u00e9quelles","publisher":{"@id":"https:\/\/resra.bruet.com\/fr\/#organization"},"potentialAction":[{"@type":"SearchAction","target":{"@type":"EntryPoint","urlTemplate":"https:\/\/resra.bruet.com\/fr\/?s={search_term_string}"},"query-input":{"@type":"PropertyValueSpecification","valueRequired":true,"valueName":"search_term_string"}}],"inLanguage":"fr-FR"},{"@type":"Organization","@id":"https:\/\/resra.bruet.com\/fr\/#organization","name":"Association pour la Recherche sur les S\u00e9quelles de la Radioth\u00e9rapie","url":"https:\/\/resra.bruet.com\/fr\/","logo":{"@type":"ImageObject","inLanguage":"fr-FR","@id":"https:\/\/resra.bruet.com\/fr\/#\/schema\/logo\/image\/","url":"https:\/\/resra.bruet.com\/wp-content\/uploads\/2022\/03\/logo-Grand-ARSER-web-carre.jpg","contentUrl":"https:\/\/resra.bruet.com\/wp-content\/uploads\/2022\/03\/logo-Grand-ARSER-web-carre.jpg","width":300,"height":300,"caption":"Association pour la Recherche sur les S\u00e9quelles de la Radioth\u00e9rapie"},"image":{"@id":"https:\/\/resra.bruet.com\/fr\/#\/schema\/logo\/image\/"},"sameAs":["https:\/\/www.facebook.com\/profile.php?id=100086562396208"]}]}},"_links":{"self":[{"href":"https:\/\/resra.bruet.com\/fr\/wp-json\/wp\/v2\/pages\/21038","targetHints":{"allow":["GET"]}}],"collection":[{"href":"https:\/\/resra.bruet.com\/fr\/wp-json\/wp\/v2\/pages"}],"about":[{"href":"https:\/\/resra.bruet.com\/fr\/wp-json\/wp\/v2\/types\/page"}],"author":[{"embeddable":true,"href":"https:\/\/resra.bruet.com\/fr\/wp-json\/wp\/v2\/users\/1519"}],"replies":[{"embeddable":true,"href":"https:\/\/resra.bruet.com\/fr\/wp-json\/wp\/v2\/comments?post=21038"}],"version-history":[{"count":19,"href":"https:\/\/resra.bruet.com\/fr\/wp-json\/wp\/v2\/pages\/21038\/revisions"}],"predecessor-version":[{"id":21390,"href":"https:\/\/resra.bruet.com\/fr\/wp-json\/wp\/v2\/pages\/21038\/revisions\/21390"}],"wp:attachment":[{"href":"https:\/\/resra.bruet.com\/fr\/wp-json\/wp\/v2\/media?parent=21038"}],"curies":[{"name":"wp","href":"https:\/\/api.w.org\/{rel}","templated":true}]}}