{"id":18612,"date":"2024-05-07T10:43:01","date_gmt":"2024-05-07T08:43:01","guid":{"rendered":"https:\/\/arser.org\/?page_id=18612"},"modified":"2025-01-23T20:20:33","modified_gmt":"2025-01-23T19:20:33","slug":"international-2","status":"publish","type":"page","link":"https:\/\/resra.bruet.com\/fr\/international-2\/","title":{"rendered":"International"},"content":{"rendered":"<p>Bien qu\u2019ayant son origine en France, l&rsquo;ARSER compte parmi ses adh\u00e9rents et ses diff\u00e9rents conseils divers membres \u00e9trangers ou\/et \u00e0 l\u2019\u00e9tranger (Br\u00e9sil, Danemark, Grande-Bretagne, Suisse\u2026). Elle a ainsi une vocation transnationale.<\/p>\n<p>Ses correspondants \u00e0 l\u2019\u00e9tranger sont actuellement :<\/p>\n<p style=\"padding-left: 40px;\"><strong>Br\u00e9sil<\/strong><br \/>\nJean-Pierre Briot<br \/>\nRio de Janeiro, (Etat de) Rio de Janeiro (RJ)<\/p>\n<p style=\"padding-left: 40px;\"><strong>Suisse<\/strong><br \/>\nJean-Marie Cariage<br \/>\nGen\u00e8ve, (Canton de) Gen\u00e8ve<\/p>\n<p>N\u2019h\u00e9sitez pas \u00e0 nous contacter pour toute question relative \u00e0 l\u2019ARSER, aux soins (ex : m\u00e9decins contacts \u00e9ventuels, disponibilit\u00e9 des m\u00e9dicaments des th\u00e9rapies contre les s\u00e9quelles de radioth\u00e9rapie&#8230;), ou tout sujet :<\/p>\n<p style=\"padding-left: 40px;\">&#8211; via l\u2019annuaire (r\u00e9serv\u00e9 aux adh\u00e9rents)<br \/>\n&#8211; via un des forums<br \/>\n&#8211; via l\u2019adresse courriel de contact g\u00e9n\u00e9rale : <a href=\"mailto:ecrire.arser@gmail.com\">ecrire.arser@gmail.com<\/a><\/p>\n<p><\/p>","protected":false},"excerpt":{"rendered":"<p>Bien qu\u2019ayant son origine en France, l&rsquo;ARSER compte parmi ses adh\u00e9rents et ses diff\u00e9rents conseils divers membres \u00e9trangers ou\/et \u00e0 l\u2019\u00e9tranger (Br\u00e9sil, Danemark, Grande-Bretagne, Suisse\u2026). Elle a ainsi une vocation transnationale. Ses correspondants \u00e0 l\u2019\u00e9tranger sont actuellement : Br\u00e9sil Jean-Pierre Briot Rio de Janeiro, (Etat de) Rio de Janeiro (RJ) Suisse Jean-Marie Cariage Gen\u00e8ve, (Canton &hellip; <a href=\"https:\/\/resra.bruet.com\/fr\/international-2\/\" class=\"more-link\">Continuer la lecture<span class=\"screen-reader-text\"> de &laquo;&nbsp;International&nbsp;&raquo;<\/span><\/a><\/p>\n","protected":false},"author":1519,"featured_media":0,"parent":0,"menu_order":0,"comment_status":"closed","ping_status":"closed","template":"","meta":{"_bbp_topic_count":0,"_bbp_reply_count":0,"_bbp_total_topic_count":0,"_bbp_total_reply_count":0,"_bbp_voice_count":0,"_bbp_anonymous_reply_count":0,"_bbp_topic_count_hidden":0,"_bbp_reply_count_hidden":0,"_bbp_forum_subforum_count":0,"footnotes":""},"class_list":["post-18612","page","type-page","status-publish","hentry"],"yoast_head":"<!-- This site is optimized with the Yoast SEO plugin v27.1.1 - https:\/\/yoast.com\/product\/yoast-seo-wordpress\/ -->\r\n<title>International - Association pour la Recherche sur les S\u00e9quelles de la Radioth\u00e9rapie<\/title>\r\n<meta name=\"robots\" content=\"index, follow, max-snippet:-1, max-image-preview:large, max-video-preview:-1\" \/>\r\n<link rel=\"canonical\" href=\"https:\/\/resra.bruet.com\/fr\/international-2\/\" \/>\r\n<meta property=\"og:locale\" content=\"fr_FR\" \/>\r\n<meta property=\"og:type\" content=\"article\" \/>\r\n<meta property=\"og:title\" content=\"International - Association pour la Recherche sur les S\u00e9quelles de la Radioth\u00e9rapie\" \/>\r\n<meta property=\"og:description\" content=\"Bien qu\u2019ayant son origine en France, l&rsquo;ARSER compte parmi ses adh\u00e9rents et ses diff\u00e9rents conseils divers membres \u00e9trangers ou\/et \u00e0 l\u2019\u00e9tranger (Br\u00e9sil, Danemark, Grande-Bretagne, Suisse\u2026). Elle a ainsi une vocation transnationale. Ses correspondants \u00e0 l\u2019\u00e9tranger sont actuellement : Br\u00e9sil Jean-Pierre Briot Rio de Janeiro, (Etat de) Rio de Janeiro (RJ) Suisse Jean-Marie Cariage Gen\u00e8ve, (Canton &hellip; Continuer la lecture de &laquo;&nbsp;International&nbsp;&raquo;\" \/>\r\n<meta property=\"og:url\" content=\"https:\/\/resra.bruet.com\/fr\/international-2\/\" \/>\r\n<meta property=\"og:site_name\" content=\"Association pour la Recherche sur les S\u00e9quelles de la Radioth\u00e9rapie\" \/>\r\n<meta property=\"article:publisher\" content=\"https:\/\/www.facebook.com\/profile.php?id=100086562396208\" \/>\r\n<meta property=\"article:modified_time\" content=\"2025-01-23T19:20:33+00:00\" \/>\r\n<meta name=\"twitter:card\" content=\"summary_large_image\" \/>\r\n<meta name=\"twitter:label1\" content=\"Dur\u00e9e de lecture estim\u00e9e\" \/>\n\t<meta name=\"twitter:data1\" content=\"1 minute\" \/>\r\n<script type=\"application\/ld+json\" class=\"yoast-schema-graph\">{\"@context\":\"https:\/\/schema.org\",\"@graph\":[{\"@type\":\"WebPage\",\"@id\":\"https:\/\/resra.bruet.com\/fr\/international-2\/\",\"url\":\"https:\/\/resra.bruet.com\/fr\/international-2\/\",\"name\":\"International - Association pour la Recherche sur les S\u00e9quelles de la Radioth\u00e9rapie\",\"isPartOf\":{\"@id\":\"https:\/\/resra.bruet.com\/fr\/#website\"},\"datePublished\":\"2024-05-07T08:43:01+00:00\",\"dateModified\":\"2025-01-23T19:20:33+00:00\",\"breadcrumb\":{\"@id\":\"https:\/\/resra.bruet.com\/fr\/international-2\/#breadcrumb\"},\"inLanguage\":\"fr-FR\",\"potentialAction\":[{\"@type\":\"ReadAction\",\"target\":[[\"https:\/\/resra.bruet.com\/fr\/international-2\/\"]]}]},{\"@type\":\"BreadcrumbList\",\"@id\":\"https:\/\/resra.bruet.com\/fr\/international-2\/#breadcrumb\",\"itemListElement\":[{\"@type\":\"ListItem\",\"position\":1,\"name\":\"Accueil\",\"item\":\"https:\/\/resra.bruet.com\/fr\/\"},{\"@type\":\"ListItem\",\"position\":2,\"name\":\"International\"}]},{\"@type\":\"WebSite\",\"@id\":\"https:\/\/resra.bruet.com\/fr\/#website\",\"url\":\"https:\/\/resra.bruet.com\/fr\/\",\"name\":\"Association pour la Recherche sur les S\u00e9quelles de la Radioth\u00e9rapie\",\"description\":\"Aider les patients ayant suivi une radioth\u00e9rapie \u00e0 en minimiser les s\u00e9quelles\",\"publisher\":{\"@id\":\"https:\/\/resra.bruet.com\/fr\/#organization\"},\"potentialAction\":[{\"@type\":\"SearchAction\",\"target\":{\"@type\":\"EntryPoint\",\"urlTemplate\":\"https:\/\/resra.bruet.com\/fr\/?s={search_term_string}\"},\"query-input\":{\"@type\":\"PropertyValueSpecification\",\"valueRequired\":true,\"valueName\":\"search_term_string\"}}],\"inLanguage\":\"fr-FR\"},{\"@type\":\"Organization\",\"@id\":\"https:\/\/resra.bruet.com\/fr\/#organization\",\"name\":\"Association pour la Recherche sur les S\u00e9quelles de la Radioth\u00e9rapie\",\"url\":\"https:\/\/resra.bruet.com\/fr\/\",\"logo\":{\"@type\":\"ImageObject\",\"inLanguage\":\"fr-FR\",\"@id\":\"https:\/\/resra.bruet.com\/fr\/#\/schema\/logo\/image\/\",\"url\":\"https:\/\/resra.bruet.com\/wp-content\/uploads\/2022\/03\/logo-Grand-ARSER-web-carre.jpg\",\"contentUrl\":\"https:\/\/resra.bruet.com\/wp-content\/uploads\/2022\/03\/logo-Grand-ARSER-web-carre.jpg\",\"width\":300,\"height\":300,\"caption\":\"Association pour la Recherche sur les S\u00e9quelles de la Radioth\u00e9rapie\"},\"image\":{\"@id\":\"https:\/\/resra.bruet.com\/fr\/#\/schema\/logo\/image\/\"},\"sameAs\":[\"https:\/\/www.facebook.com\/profile.php?id=100086562396208\"]}]}<\/script>\r\n<!-- \/ Yoast SEO plugin. -->","yoast_head_json":{"title":"International - Association pour la Recherche sur les S\u00e9quelles de la Radioth\u00e9rapie","robots":{"index":"index","follow":"follow","max-snippet":"max-snippet:-1","max-image-preview":"max-image-preview:large","max-video-preview":"max-video-preview:-1"},"canonical":"https:\/\/resra.bruet.com\/fr\/international-2\/","og_locale":"fr_FR","og_type":"article","og_title":"International - Association pour la Recherche sur les S\u00e9quelles de la Radioth\u00e9rapie","og_description":"Bien qu\u2019ayant son origine en France, l&rsquo;ARSER compte parmi ses adh\u00e9rents et ses diff\u00e9rents conseils divers membres \u00e9trangers ou\/et \u00e0 l\u2019\u00e9tranger (Br\u00e9sil, Danemark, Grande-Bretagne, Suisse\u2026). Elle a ainsi une vocation transnationale. Ses correspondants \u00e0 l\u2019\u00e9tranger sont actuellement : Br\u00e9sil Jean-Pierre Briot Rio de Janeiro, (Etat de) Rio de Janeiro (RJ) Suisse Jean-Marie Cariage Gen\u00e8ve, (Canton &hellip; Continuer la lecture de &laquo;&nbsp;International&nbsp;&raquo;","og_url":"https:\/\/resra.bruet.com\/fr\/international-2\/","og_site_name":"Association pour la Recherche sur les S\u00e9quelles de la Radioth\u00e9rapie","article_publisher":"https:\/\/www.facebook.com\/profile.php?id=100086562396208","article_modified_time":"2025-01-23T19:20:33+00:00","twitter_card":"summary_large_image","twitter_misc":{"Dur\u00e9e de lecture estim\u00e9e":"1 minute"},"schema":{"@context":"https:\/\/schema.org","@graph":[{"@type":"WebPage","@id":"https:\/\/resra.bruet.com\/fr\/international-2\/","url":"https:\/\/resra.bruet.com\/fr\/international-2\/","name":"International - Association pour la Recherche sur les S\u00e9quelles de la Radioth\u00e9rapie","isPartOf":{"@id":"https:\/\/resra.bruet.com\/fr\/#website"},"datePublished":"2024-05-07T08:43:01+00:00","dateModified":"2025-01-23T19:20:33+00:00","breadcrumb":{"@id":"https:\/\/resra.bruet.com\/fr\/international-2\/#breadcrumb"},"inLanguage":"fr-FR","potentialAction":[{"@type":"ReadAction","target":[["https:\/\/resra.bruet.com\/fr\/international-2\/"]]}]},{"@type":"BreadcrumbList","@id":"https:\/\/resra.bruet.com\/fr\/international-2\/#breadcrumb","itemListElement":[{"@type":"ListItem","position":1,"name":"Accueil","item":"https:\/\/resra.bruet.com\/fr\/"},{"@type":"ListItem","position":2,"name":"International"}]},{"@type":"WebSite","@id":"https:\/\/resra.bruet.com\/fr\/#website","url":"https:\/\/resra.bruet.com\/fr\/","name":"Association pour la Recherche sur les S\u00e9quelles de la Radioth\u00e9rapie","description":"Aider les patients ayant suivi une radioth\u00e9rapie \u00e0 en minimiser les s\u00e9quelles","publisher":{"@id":"https:\/\/resra.bruet.com\/fr\/#organization"},"potentialAction":[{"@type":"SearchAction","target":{"@type":"EntryPoint","urlTemplate":"https:\/\/resra.bruet.com\/fr\/?s={search_term_string}"},"query-input":{"@type":"PropertyValueSpecification","valueRequired":true,"valueName":"search_term_string"}}],"inLanguage":"fr-FR"},{"@type":"Organization","@id":"https:\/\/resra.bruet.com\/fr\/#organization","name":"Association pour la Recherche sur les S\u00e9quelles de la Radioth\u00e9rapie","url":"https:\/\/resra.bruet.com\/fr\/","logo":{"@type":"ImageObject","inLanguage":"fr-FR","@id":"https:\/\/resra.bruet.com\/fr\/#\/schema\/logo\/image\/","url":"https:\/\/resra.bruet.com\/wp-content\/uploads\/2022\/03\/logo-Grand-ARSER-web-carre.jpg","contentUrl":"https:\/\/resra.bruet.com\/wp-content\/uploads\/2022\/03\/logo-Grand-ARSER-web-carre.jpg","width":300,"height":300,"caption":"Association pour la Recherche sur les S\u00e9quelles de la Radioth\u00e9rapie"},"image":{"@id":"https:\/\/resra.bruet.com\/fr\/#\/schema\/logo\/image\/"},"sameAs":["https:\/\/www.facebook.com\/profile.php?id=100086562396208"]}]}},"_links":{"self":[{"href":"https:\/\/resra.bruet.com\/fr\/wp-json\/wp\/v2\/pages\/18612","targetHints":{"allow":["GET"]}}],"collection":[{"href":"https:\/\/resra.bruet.com\/fr\/wp-json\/wp\/v2\/pages"}],"about":[{"href":"https:\/\/resra.bruet.com\/fr\/wp-json\/wp\/v2\/types\/page"}],"author":[{"embeddable":true,"href":"https:\/\/resra.bruet.com\/fr\/wp-json\/wp\/v2\/users\/1519"}],"replies":[{"embeddable":true,"href":"https:\/\/resra.bruet.com\/fr\/wp-json\/wp\/v2\/comments?post=18612"}],"version-history":[{"count":17,"href":"https:\/\/resra.bruet.com\/fr\/wp-json\/wp\/v2\/pages\/18612\/revisions"}],"predecessor-version":[{"id":18983,"href":"https:\/\/resra.bruet.com\/fr\/wp-json\/wp\/v2\/pages\/18612\/revisions\/18983"}],"wp:attachment":[{"href":"https:\/\/resra.bruet.com\/fr\/wp-json\/wp\/v2\/media?parent=18612"}],"curies":[{"name":"wp","href":"https:\/\/api.w.org\/{rel}","templated":true}]}}