{"id":10601,"date":"2022-02-12T22:01:00","date_gmt":"2022-02-12T21:01:00","guid":{"rendered":"http:\/\/arser.org\/?page_id=10601"},"modified":"2024-06-04T14:48:03","modified_gmt":"2024-06-04T12:48:03","slug":"publications-et-partenaires-bb","status":"publish","type":"page","link":"https:\/\/resra.bruet.com\/fr\/publications-et-partenaires-bb\/","title":{"rendered":"Publications et Partenaires"},"content":{"rendered":"<p><figure id=\"attachment_277\" aria-describedby=\"caption-attachment-277\" style=\"width: 212px\" class=\"wp-caption alignright\"><a href=\"https:\/\/livre.fnac.com\/a3522920\/Sylvie-Delanian-Guide-pratique-radiotherapie-mes-carnets-de-centrage\" target=\"_blank\" rel=\"noopener noreferrer\"><img loading=\"lazy\" decoding=\"async\" class=\"wp-image-277\" src=\"\/wp-content\/uploads\/2016\/10\/Guide-pratique-radiotherapie-mes-carnets-de-centrage.jpg\" alt=\"guide-pratique-radiotherapie-mes-carnets-de-centrage\" width=\"212\" height=\"219\" data-id=\"277\" \/><\/a><figcaption id=\"caption-attachment-277\" class=\"wp-caption-text\">Guide pratique de la radioth\u00e9rapie<\/figcaption><\/figure><\/p>\n<p style=\"text-align: center;\"><strong>GUIDE PRATIQUE DE LA RADIOTH\u00c9RAPIE<br \/>\n<\/strong>Docteur Sylvie Delanian<\/p>\n<p style=\"text-align: left;\">Pr\u00e9face du Professeur Maurice Tubiana<\/p>\n<p>Lors de la derni\u00e8re d\u00e9cennie, la radioth\u00e9rapie a v\u00e9cu une profonde mutation faisant glisser le m\u00e9tier des savoirs et pratiques anciens anatomo-cliniques palpables \u00e0 des rep\u00e8res d\u00e9mat\u00e9rialis\u00e9s 3D. Aussi, plut\u00f4t que d&rsquo;aborder des innovations indisponibles, ce livre a \u00e9t\u00e9 con\u00e7u pour d\u00e9crire les passerelles m\u00e9dico-techniques de la radioth\u00e9rapie, tel un instrument de travail, et transmettre un savoir faire aux acteurs m\u00e9dicaux, physiques et techniques du m\u00e9tier. Cet ouvrage r\u00e9dig\u00e9 organe par organe est d\u00e9lib\u00e9r\u00e9ment concis et illustr\u00e9. Il contribue par son aspect synth\u00e9tique \u00e0 planifier puis r\u00e9aliser une irradiation de qualit\u00e9. L&rsquo;auteur, Sylvie Delanian, m\u00e9decin hospitalier et chercheur, a contribu\u00e9 \u00e0 l&rsquo;\u00e9laboration de nombreuses strat\u00e9gies conservatrices de radio-chimioth\u00e9rapie et a mis au point les traitements innovants qui ont significativement fait reculer les s\u00e9quelles post-radiques tardives chez les patients canc\u00e9reux gu\u00e9ris.<\/p>\n<hr \/>\n<p style=\"text-align: center;\"><strong>TABLEAU DES \u00c9V\u00c9NEMENTS IND\u00c9SIRABLES TARDIFS CLASSIQUES, S\u00c9QUELLES APR\u00c8S RADIOTH\u00c9RAPIE<\/strong><\/p>\n<p style=\"text-align: center;\"><a href=\"\/wp-content\/uploads\/2017\/03\/Tableau-des-s\u00e9quelles-de-la-radioth\u00e9rapie.pdf\" target=\"_blank\" rel=\"noopener noreferrer\"><img loading=\"lazy\" decoding=\"async\" class=\"aligncenter size-medium wp-image-1175\" src=\"\/wp-content\/uploads\/2016\/10\/Tableau-des-sequelles-de-la-radiotherapie-217x300.jpg\" alt=\"\" width=\"217\" height=\"300\" srcset=\"https:\/\/resra.bruet.com\/wp-content\/uploads\/2016\/10\/Tableau-des-sequelles-de-la-radiotherapie-217x300.jpg 217w, https:\/\/resra.bruet.com\/wp-content\/uploads\/2016\/10\/Tableau-des-sequelles-de-la-radiotherapie-768x1062.jpg 768w, https:\/\/resra.bruet.com\/wp-content\/uploads\/2016\/10\/Tableau-des-sequelles-de-la-radiotherapie-741x1024.jpg 741w, https:\/\/resra.bruet.com\/wp-content\/uploads\/2016\/10\/Tableau-des-sequelles-de-la-radiotherapie.jpg 900w\" sizes=\"auto, (max-width: 217px) 85vw, 217px\" \/>Pour ouvrir le Tableau des s\u00e9quelles de la radioth\u00e9rapie, cliquez ICI<\/a><\/p>\n<hr \/>\n<p style=\"text-align: center;\"><a href=\"\/wp-content\/uploads\/2022\/06\/PsychoSomat_Onco22b.pdf\" target=\"_blank\" rel=\"noopener noreferrer\"><img loading=\"lazy\" decoding=\"async\" class=\"aligncenter size-medium wp-image-1175\" src=\"\/wp-content\/uploads\/2022\/06\/PsychoSomat_Onco22b-300x212.jpg\" alt=\"\" width=\"300\" height=\"212\" \/>Conf\u00e9rence de la D<sup>re<\/sup> Delanian \u00ab\u00a0Interrogations Psychosomatiques en Oncologie\u00a0\u00bb du 12\/06\/2022<\/a><\/p>\n<hr \/>\n<div align=\"center\">\n<div style=\"width: 840px;\" class=\"wp-video\"><video class=\"wp-video-shortcode\" id=\"video-10601-1\" width=\"840\" height=\"473\" preload=\"metadata\" controls=\"controls\"><source type=\"video\/mp4\" src=\"\/wp-content\/uploads\/2022\/03\/220212-Pradat-Dr-Pierre-Francois-Expose-Comment-reconnaitre-et-prendre-en-charge-les-sequelles-neurologiques-de-la-radiotherapie.mp4?_=1\" \/><a href=\"\/wp-content\/uploads\/2022\/03\/220212-Pradat-Dr-Pierre-Francois-Expose-Comment-reconnaitre-et-prendre-en-charge-les-sequelles-neurologiques-de-la-radiotherapie.mp4\">\/wp-content\/uploads\/2022\/03\/220212-Pradat-Dr-Pierre-Francois-Expose-Comment-reconnaitre-et-prendre-en-charge-les-sequelles-neurologiques-de-la-radiotherapie.mp4<\/a><\/video><\/div>\n<\/div>\n<p style=\"text-align: center;\"><strong>EXPOS\u00c9 DU D<sup>r<\/sup> PIERRE-FRAN\u00c7OIS PRADAT \u00c0 L&rsquo;ASSEMBL\u00c9E G\u00c9N\u00c9RALE DU 12\/02\/2022<\/strong><\/p>\n<hr \/>\n<p style=\"text-align: center;\"><strong>AFFICHETTES DE L&rsquo;ARSER<\/strong><\/p>\n<figure id=\"attachment_10595\" aria-describedby=\"caption-attachment-10595\" style=\"width: 217px\" class=\"wp-caption aligncenter\"><a href=\"\/wp-content\/uploads\/2022\/03\/2202-Affichette-A4-FR.pdf\"><img loading=\"lazy\" decoding=\"async\" class=\"wp-image-10595 size-medium\" src=\"\/wp-content\/uploads\/2022\/03\/2202-Affichette-A4-FR.jpg\" alt=\"Version A4 pour impression\" width=\"217\" height=\"300\" \/><\/a><figcaption id=\"caption-attachment-10595\" class=\"wp-caption-text\">Affichette A4 pour impression<\/figcaption><\/figure>\n<figure id=\"attachment_10593\" aria-describedby=\"caption-attachment-10593\" style=\"width: 300px\" class=\"wp-caption aligncenter\"><a href=\"\/wp-content\/uploads\/2022\/03\/2202-Affichettes-A5-FR.pdf\"><img loading=\"lazy\" decoding=\"async\" class=\"wp-image-10593 size-medium\" src=\"\/wp-content\/uploads\/2022\/03\/2202-Affichettes-A5-FR.jpg\" alt=\"Version 2xA5 pour impression\" width=\"300\" height=\"207\" \/><\/a><figcaption id=\"caption-attachment-10593\" class=\"wp-caption-text\">Affichettes A5 pour impression<\/figcaption><\/figure>\n<hr \/>\n<p style=\"text-align: center;\"><strong>D\u00c9PLIANT DE L&rsquo;ARSER<\/strong><\/p>\n<figure style=\"width: 300px\" class=\"wp-caption aligncenter\"><a href=\"\/wp-content\/uploads\/2024\/06\/2406-Triptyque-FR.pdf\"><img loading=\"lazy\" decoding=\"async\" class=\"size-medium wp-image-18662 aligncenter\" src=\"\/wp-content\/uploads\/2024\/06\/2406-Triptyque-FR.jpg\" alt=\"\" width=\"300\" height=\"212\" \/><\/a><figcaption class=\"wp-caption-text\">Triptyque pour impression<\/figcaption><\/figure>\n<p>&nbsp;<\/p>\n<hr \/>\n<p style=\"text-align: center;\"><strong>PARTENAIRE POUR LA PRODUCTION DES VID\u00c9OS<\/strong><\/p>\n<p style=\"text-align: center;\"><a href=\"https:\/\/www.lesfilmsdelarche.com\/\"><img loading=\"lazy\" decoding=\"async\" class=\"aligncenter wp-image-56 size-full\" src=\"\/wp-content\/uploads\/2016\/10\/logo-film-de-larche.png\" alt=\"logo-film-de-larche\" width=\"230\" height=\"132\" \/><\/a><\/p>\n<p><\/p>","protected":false},"excerpt":{"rendered":"<p>GUIDE PRATIQUE DE LA RADIOTH\u00c9RAPIE Docteur Sylvie Delanian Pr\u00e9face du Professeur Maurice Tubiana Lors de la derni\u00e8re d\u00e9cennie, la radioth\u00e9rapie a v\u00e9cu une profonde mutation faisant glisser le m\u00e9tier des savoirs et pratiques anciens anatomo-cliniques palpables \u00e0 des rep\u00e8res d\u00e9mat\u00e9rialis\u00e9s 3D. Aussi, plut\u00f4t que d&rsquo;aborder des innovations indisponibles, ce livre a \u00e9t\u00e9 con\u00e7u pour d\u00e9crire &hellip; <a href=\"https:\/\/resra.bruet.com\/fr\/publications-et-partenaires-bb\/\" class=\"more-link\">Continuer la lecture<span class=\"screen-reader-text\"> de &laquo;&nbsp;Publications et Partenaires&nbsp;&raquo;<\/span><\/a><\/p>\n","protected":false},"author":1519,"featured_media":0,"parent":0,"menu_order":0,"comment_status":"closed","ping_status":"closed","template":"","meta":{"_bbp_topic_count":0,"_bbp_reply_count":0,"_bbp_total_topic_count":0,"_bbp_total_reply_count":0,"_bbp_voice_count":0,"_bbp_anonymous_reply_count":0,"_bbp_topic_count_hidden":0,"_bbp_reply_count_hidden":0,"_bbp_forum_subforum_count":0,"footnotes":""},"class_list":["post-10601","page","type-page","status-publish","hentry"],"yoast_head":"<!-- This site is optimized with the Yoast SEO plugin v27.1.1 - https:\/\/yoast.com\/product\/yoast-seo-wordpress\/ -->\r\n<title>Publications et Partenaires - Association pour la Recherche sur les S\u00e9quelles de la Radioth\u00e9rapie<\/title>\r\n<meta name=\"robots\" content=\"index, follow, max-snippet:-1, max-image-preview:large, max-video-preview:-1\" \/>\r\n<link rel=\"canonical\" href=\"https:\/\/resra.bruet.com\/fr\/publications-et-partenaires-bb\/\" \/>\r\n<meta property=\"og:locale\" content=\"fr_FR\" \/>\r\n<meta property=\"og:type\" content=\"article\" \/>\r\n<meta property=\"og:title\" content=\"Publications et Partenaires - Association pour la Recherche sur les S\u00e9quelles de la Radioth\u00e9rapie\" \/>\r\n<meta property=\"og:description\" content=\"GUIDE PRATIQUE DE LA RADIOTH\u00c9RAPIE Docteur Sylvie Delanian Pr\u00e9face du Professeur Maurice Tubiana Lors de la derni\u00e8re d\u00e9cennie, la radioth\u00e9rapie a v\u00e9cu une profonde mutation faisant glisser le m\u00e9tier des savoirs et pratiques anciens anatomo-cliniques palpables \u00e0 des rep\u00e8res d\u00e9mat\u00e9rialis\u00e9s 3D. Aussi, plut\u00f4t que d&rsquo;aborder des innovations indisponibles, ce livre a \u00e9t\u00e9 con\u00e7u pour d\u00e9crire &hellip; Continuer la lecture de &laquo;&nbsp;Publications et Partenaires&nbsp;&raquo;\" \/>\r\n<meta property=\"og:url\" content=\"https:\/\/resra.bruet.com\/fr\/publications-et-partenaires-bb\/\" \/>\r\n<meta property=\"og:site_name\" content=\"Association pour la Recherche sur les S\u00e9quelles de la Radioth\u00e9rapie\" \/>\r\n<meta property=\"article:publisher\" content=\"https:\/\/www.facebook.com\/profile.php?id=100086562396208\" \/>\r\n<meta property=\"article:modified_time\" content=\"2024-06-04T12:48:03+00:00\" \/>\r\n<meta name=\"twitter:card\" content=\"summary_large_image\" \/>\r\n<meta name=\"twitter:label1\" content=\"Dur\u00e9e de lecture estim\u00e9e\" \/>\n\t<meta name=\"twitter:data1\" content=\"3 minutes\" \/>\r\n<script type=\"application\/ld+json\" class=\"yoast-schema-graph\">{\"@context\":\"https:\/\/schema.org\",\"@graph\":[{\"@type\":\"WebPage\",\"@id\":\"https:\/\/resra.bruet.com\/fr\/publications-et-partenaires-bb\/\",\"url\":\"https:\/\/resra.bruet.com\/fr\/publications-et-partenaires-bb\/\",\"name\":\"Publications et Partenaires - Association pour la Recherche sur les S\u00e9quelles de la Radioth\u00e9rapie\",\"isPartOf\":{\"@id\":\"https:\/\/resra.bruet.com\/fr\/#website\"},\"datePublished\":\"2022-02-12T21:01:00+00:00\",\"dateModified\":\"2024-06-04T12:48:03+00:00\",\"breadcrumb\":{\"@id\":\"https:\/\/resra.bruet.com\/fr\/publications-et-partenaires-bb\/#breadcrumb\"},\"inLanguage\":\"fr-FR\",\"potentialAction\":[{\"@type\":\"ReadAction\",\"target\":[[\"https:\/\/resra.bruet.com\/fr\/publications-et-partenaires-bb\/\"]]}]},{\"@type\":\"BreadcrumbList\",\"@id\":\"https:\/\/resra.bruet.com\/fr\/publications-et-partenaires-bb\/#breadcrumb\",\"itemListElement\":[{\"@type\":\"ListItem\",\"position\":1,\"name\":\"Accueil\",\"item\":\"https:\/\/resra.bruet.com\/fr\/\"},{\"@type\":\"ListItem\",\"position\":2,\"name\":\"Publications et Partenaires\"}]},{\"@type\":\"WebSite\",\"@id\":\"https:\/\/resra.bruet.com\/fr\/#website\",\"url\":\"https:\/\/resra.bruet.com\/fr\/\",\"name\":\"Association pour la Recherche sur les S\u00e9quelles de la Radioth\u00e9rapie\",\"description\":\"Aider les patients ayant suivi une radioth\u00e9rapie \u00e0 en minimiser les s\u00e9quelles\",\"publisher\":{\"@id\":\"https:\/\/resra.bruet.com\/fr\/#organization\"},\"potentialAction\":[{\"@type\":\"SearchAction\",\"target\":{\"@type\":\"EntryPoint\",\"urlTemplate\":\"https:\/\/resra.bruet.com\/fr\/?s={search_term_string}\"},\"query-input\":{\"@type\":\"PropertyValueSpecification\",\"valueRequired\":true,\"valueName\":\"search_term_string\"}}],\"inLanguage\":\"fr-FR\"},{\"@type\":\"Organization\",\"@id\":\"https:\/\/resra.bruet.com\/fr\/#organization\",\"name\":\"Association pour la Recherche sur les S\u00e9quelles de la Radioth\u00e9rapie\",\"url\":\"https:\/\/resra.bruet.com\/fr\/\",\"logo\":{\"@type\":\"ImageObject\",\"inLanguage\":\"fr-FR\",\"@id\":\"https:\/\/resra.bruet.com\/fr\/#\/schema\/logo\/image\/\",\"url\":\"https:\/\/resra.bruet.com\/wp-content\/uploads\/2022\/03\/logo-Grand-ARSER-web-carre.jpg\",\"contentUrl\":\"https:\/\/resra.bruet.com\/wp-content\/uploads\/2022\/03\/logo-Grand-ARSER-web-carre.jpg\",\"width\":300,\"height\":300,\"caption\":\"Association pour la Recherche sur les S\u00e9quelles de la Radioth\u00e9rapie\"},\"image\":{\"@id\":\"https:\/\/resra.bruet.com\/fr\/#\/schema\/logo\/image\/\"},\"sameAs\":[\"https:\/\/www.facebook.com\/profile.php?id=100086562396208\"]}]}<\/script>\r\n<!-- \/ Yoast SEO plugin. -->","yoast_head_json":{"title":"Publications et Partenaires - Association pour la Recherche sur les S\u00e9quelles de la Radioth\u00e9rapie","robots":{"index":"index","follow":"follow","max-snippet":"max-snippet:-1","max-image-preview":"max-image-preview:large","max-video-preview":"max-video-preview:-1"},"canonical":"https:\/\/resra.bruet.com\/fr\/publications-et-partenaires-bb\/","og_locale":"fr_FR","og_type":"article","og_title":"Publications et Partenaires - Association pour la Recherche sur les S\u00e9quelles de la Radioth\u00e9rapie","og_description":"GUIDE PRATIQUE DE LA RADIOTH\u00c9RAPIE Docteur Sylvie Delanian Pr\u00e9face du Professeur Maurice Tubiana Lors de la derni\u00e8re d\u00e9cennie, la radioth\u00e9rapie a v\u00e9cu une profonde mutation faisant glisser le m\u00e9tier des savoirs et pratiques anciens anatomo-cliniques palpables \u00e0 des rep\u00e8res d\u00e9mat\u00e9rialis\u00e9s 3D. Aussi, plut\u00f4t que d&rsquo;aborder des innovations indisponibles, ce livre a \u00e9t\u00e9 con\u00e7u pour d\u00e9crire &hellip; Continuer la lecture de &laquo;&nbsp;Publications et Partenaires&nbsp;&raquo;","og_url":"https:\/\/resra.bruet.com\/fr\/publications-et-partenaires-bb\/","og_site_name":"Association pour la Recherche sur les S\u00e9quelles de la Radioth\u00e9rapie","article_publisher":"https:\/\/www.facebook.com\/profile.php?id=100086562396208","article_modified_time":"2024-06-04T12:48:03+00:00","twitter_card":"summary_large_image","twitter_misc":{"Dur\u00e9e de lecture estim\u00e9e":"3 minutes"},"schema":{"@context":"https:\/\/schema.org","@graph":[{"@type":"WebPage","@id":"https:\/\/resra.bruet.com\/fr\/publications-et-partenaires-bb\/","url":"https:\/\/resra.bruet.com\/fr\/publications-et-partenaires-bb\/","name":"Publications et Partenaires - Association pour la Recherche sur les S\u00e9quelles de la Radioth\u00e9rapie","isPartOf":{"@id":"https:\/\/resra.bruet.com\/fr\/#website"},"datePublished":"2022-02-12T21:01:00+00:00","dateModified":"2024-06-04T12:48:03+00:00","breadcrumb":{"@id":"https:\/\/resra.bruet.com\/fr\/publications-et-partenaires-bb\/#breadcrumb"},"inLanguage":"fr-FR","potentialAction":[{"@type":"ReadAction","target":[["https:\/\/resra.bruet.com\/fr\/publications-et-partenaires-bb\/"]]}]},{"@type":"BreadcrumbList","@id":"https:\/\/resra.bruet.com\/fr\/publications-et-partenaires-bb\/#breadcrumb","itemListElement":[{"@type":"ListItem","position":1,"name":"Accueil","item":"https:\/\/resra.bruet.com\/fr\/"},{"@type":"ListItem","position":2,"name":"Publications et Partenaires"}]},{"@type":"WebSite","@id":"https:\/\/resra.bruet.com\/fr\/#website","url":"https:\/\/resra.bruet.com\/fr\/","name":"Association pour la Recherche sur les S\u00e9quelles de la Radioth\u00e9rapie","description":"Aider les patients ayant suivi une radioth\u00e9rapie \u00e0 en minimiser les s\u00e9quelles","publisher":{"@id":"https:\/\/resra.bruet.com\/fr\/#organization"},"potentialAction":[{"@type":"SearchAction","target":{"@type":"EntryPoint","urlTemplate":"https:\/\/resra.bruet.com\/fr\/?s={search_term_string}"},"query-input":{"@type":"PropertyValueSpecification","valueRequired":true,"valueName":"search_term_string"}}],"inLanguage":"fr-FR"},{"@type":"Organization","@id":"https:\/\/resra.bruet.com\/fr\/#organization","name":"Association pour la Recherche sur les S\u00e9quelles de la Radioth\u00e9rapie","url":"https:\/\/resra.bruet.com\/fr\/","logo":{"@type":"ImageObject","inLanguage":"fr-FR","@id":"https:\/\/resra.bruet.com\/fr\/#\/schema\/logo\/image\/","url":"https:\/\/resra.bruet.com\/wp-content\/uploads\/2022\/03\/logo-Grand-ARSER-web-carre.jpg","contentUrl":"https:\/\/resra.bruet.com\/wp-content\/uploads\/2022\/03\/logo-Grand-ARSER-web-carre.jpg","width":300,"height":300,"caption":"Association pour la Recherche sur les S\u00e9quelles de la Radioth\u00e9rapie"},"image":{"@id":"https:\/\/resra.bruet.com\/fr\/#\/schema\/logo\/image\/"},"sameAs":["https:\/\/www.facebook.com\/profile.php?id=100086562396208"]}]}},"_links":{"self":[{"href":"https:\/\/resra.bruet.com\/fr\/wp-json\/wp\/v2\/pages\/10601","targetHints":{"allow":["GET"]}}],"collection":[{"href":"https:\/\/resra.bruet.com\/fr\/wp-json\/wp\/v2\/pages"}],"about":[{"href":"https:\/\/resra.bruet.com\/fr\/wp-json\/wp\/v2\/types\/page"}],"author":[{"embeddable":true,"href":"https:\/\/resra.bruet.com\/fr\/wp-json\/wp\/v2\/users\/1519"}],"replies":[{"embeddable":true,"href":"https:\/\/resra.bruet.com\/fr\/wp-json\/wp\/v2\/comments?post=10601"}],"version-history":[{"count":80,"href":"https:\/\/resra.bruet.com\/fr\/wp-json\/wp\/v2\/pages\/10601\/revisions"}],"predecessor-version":[{"id":18674,"href":"https:\/\/resra.bruet.com\/fr\/wp-json\/wp\/v2\/pages\/10601\/revisions\/18674"}],"wp:attachment":[{"href":"https:\/\/resra.bruet.com\/fr\/wp-json\/wp\/v2\/media?parent=10601"}],"curies":[{"name":"wp","href":"https:\/\/api.w.org\/{rel}","templated":true}]}}