{"id":54,"date":"2016-10-31T12:28:33","date_gmt":"2016-10-31T11:28:33","guid":{"rendered":"http:\/\/arser.org\/?page_id=54"},"modified":"2024-06-05T16:48:18","modified_gmt":"2024-06-05T14:48:18","slug":"publications","status":"publish","type":"page","link":"https:\/\/resra.bruet.com\/en\/publications\/","title":{"rendered":"Publications and Partners"},"content":{"rendered":"<p><figure id=\"attachment_277\" aria-describedby=\"caption-attachment-277\" style=\"width: 212px\" class=\"wp-caption alignright\"><a href=\"http:\/\/livre.fnac.com\/a3522920\/Sylvie-Delanian-Guide-pratique-radiotherapie-mes-carnets-de-centrage\" target=\"_blank\" rel=\"noopener noreferrer\"><img loading=\"lazy\" decoding=\"async\" class=\"wp-image-277\" src=\"https:\/\/resra.bruet.com\/wp-content\/uploads\/2016\/10\/Guide-pratique-radiotherapie-mes-carnets-de-centrage.jpg\" alt=\"guide-pratique-radiotherapie-mes-carnets-de-centrage\" width=\"212\" height=\"219\" data-id=\"277\" \/><\/a><figcaption id=\"caption-attachment-277\" class=\"wp-caption-text\">Guide pratique de la radioth\u00e9rapie<\/figcaption><\/figure><\/p>\n<p style=\"text-align: left;\"><strong>GUIDE PRATIQUE DE LA RADIOTH\u00c9RAPIE<br \/>\n<\/strong>Docteur Sylvie Delanian<\/p>\n<p style=\"text-align: left;\">Pr\u00e9face du\u00a0Professeur Maurice Tubiana<\/p>\n<p>La radioth\u00e9rapie a v\u00e9cu lors de la derni\u00e8re d\u00e9cennie, une profonde mutation faisant glisser le m\u00e9tier des savoirs et pratiques anciens anatomo-cliniques palpables \u00e0 des rep\u00e8res d\u00e9mat\u00e9rialis\u00e9s 3D. Aussi, plut\u00f4t que d&#8217;aborder des innovations indisponibles, ce livre a \u00e9t\u00e9 con\u00e7u pour d\u00e9crire les passerelles m\u00e9dico-techniques de la radioth\u00e9rapie, tel un instrument de travail, et transmettre un savoir faire aux acteurs m\u00e9dicaux, physiques et techniques du m\u00e9tier. Cet ouvrage r\u00e9dig\u00e9 organe par organe est d\u00e9lib\u00e9r\u00e9ment concis et illustr\u00e9. Il contribue par son aspect synth\u00e9tique \u00e0 planifier puis r\u00e9aliser une irradiation de qualit\u00e9. L&#8217;auteur, Sylvie Delanian, m\u00e9decin hospitalier et chercheur, a contribu\u00e9 \u00e0 l&#8217;\u00e9laboration de nombreuses strat\u00e9gies conservatrices de radio-chimioth\u00e9rapie et a mis au point les traitements innovants qui ont significativement fait reculer les s\u00e9quelles post-radiques tardives chez les patients canc\u00e9reux gu\u00e9ris.<\/p>\n<p>&nbsp;<\/p>\n<hr \/>\n<p><strong>CLASSICS LATE ADVERSE EVENTS &#8211; RADIATION-INDUCED SEQUELAE <\/strong><br \/>\n<a href=\"https:\/\/resra.bruet.com\/wp-content\/uploads\/2017\/09\/Classics-late-adverse-events-radiation-induced-sequelae.pdf\" target=\"_blank\" rel=\"noopener noreferrer\"><img loading=\"lazy\" decoding=\"async\" class=\"aligncenter wp-image-1175 size-medium\" src=\"https:\/\/resra.bruet.com\/wp-content\/uploads\/2016\/10\/Tableau-des-sequelles-de-la-radiotherapie-217x300.jpg\" alt=\"\" width=\"217\" height=\"300\" srcset=\"https:\/\/resra.bruet.com\/wp-content\/uploads\/2016\/10\/Tableau-des-sequelles-de-la-radiotherapie-217x300.jpg 217w, https:\/\/resra.bruet.com\/wp-content\/uploads\/2016\/10\/Tableau-des-sequelles-de-la-radiotherapie-768x1062.jpg 768w, https:\/\/resra.bruet.com\/wp-content\/uploads\/2016\/10\/Tableau-des-sequelles-de-la-radiotherapie-741x1024.jpg 741w, https:\/\/resra.bruet.com\/wp-content\/uploads\/2016\/10\/Tableau-des-sequelles-de-la-radiotherapie.jpg 900w\" sizes=\"auto, (max-width: 217px) 85vw, 217px\" \/><\/a><\/p>\n<p style=\"text-align: center;\"><strong><a href=\"https:\/\/resra.bruet.com\/wp-content\/uploads\/2017\/09\/Classics-late-adverse-events-radiation-induced-sequelae-1.jpg\">Download the transcript of Classics late adverse events \u2013 radiation-induced sequelae<\/a><\/strong><\/p>\n<hr \/>\n<p style=\"text-align: left;\"><strong>AFFICHETTES DE l&#8217;ARSER<\/strong><\/p>\n<figure id=\"attachment_1913\" aria-describedby=\"caption-attachment-1913\" style=\"width: 217px\" class=\"wp-caption alignnone\"><a href=\"https:\/\/resra.bruet.com\/wp-content\/uploads\/2017\/10\/ARSER-Affichette-A4-oct.-2017.pdf\"><img loading=\"lazy\" decoding=\"async\" class=\"wp-image-1913 size-medium\" src=\"https:\/\/resra.bruet.com\/wp-content\/uploads\/2017\/10\/ARSER-Affichette-A4-2017-Copie-217x300.jpg\" alt=\"\" width=\"217\" height=\"300\" srcset=\"https:\/\/resra.bruet.com\/wp-content\/uploads\/2017\/10\/ARSER-Affichette-A4-2017-Copie-217x300.jpg 217w, https:\/\/resra.bruet.com\/wp-content\/uploads\/2017\/10\/ARSER-Affichette-A4-2017-Copie-768x1061.jpg 768w, https:\/\/resra.bruet.com\/wp-content\/uploads\/2017\/10\/ARSER-Affichette-A4-2017-Copie-741x1024.jpg 741w, https:\/\/resra.bruet.com\/wp-content\/uploads\/2017\/10\/ARSER-Affichette-A4-2017-Copie.jpg 1013w\" sizes=\"auto, (max-width: 217px) 85vw, 217px\" \/><\/a><figcaption id=\"caption-attachment-1913\" class=\"wp-caption-text\">Version A4 for printing<\/figcaption><\/figure>\n<figure id=\"attachment_1914\" aria-describedby=\"caption-attachment-1914\" style=\"width: 300px\" class=\"wp-caption alignnone\"><a href=\"https:\/\/resra.bruet.com\/wp-content\/uploads\/2017\/10\/ARSER-Affichette-2xA5-oct.-2017.pdf\"><img loading=\"lazy\" decoding=\"async\" class=\"wp-image-1914 size-medium\" src=\"https:\/\/resra.bruet.com\/wp-content\/uploads\/2017\/10\/ARSER-Affichette-2xA5-2017-Copie-300x212.jpg\" alt=\"\" width=\"300\" height=\"212\" srcset=\"https:\/\/resra.bruet.com\/wp-content\/uploads\/2017\/10\/ARSER-Affichette-2xA5-2017-Copie-300x212.jpg 300w, https:\/\/resra.bruet.com\/wp-content\/uploads\/2017\/10\/ARSER-Affichette-2xA5-2017-Copie-768x543.jpg 768w, https:\/\/resra.bruet.com\/wp-content\/uploads\/2017\/10\/ARSER-Affichette-2xA5-2017-Copie-1024x724.jpg 1024w, https:\/\/resra.bruet.com\/wp-content\/uploads\/2017\/10\/ARSER-Affichette-2xA5-2017-Copie-1200x849.jpg 1200w, https:\/\/resra.bruet.com\/wp-content\/uploads\/2017\/10\/ARSER-Affichette-2xA5-2017-Copie.jpg 1400w\" sizes=\"auto, (max-width: 300px) 85vw, 300px\" \/><\/a><figcaption id=\"caption-attachment-1914\" class=\"wp-caption-text\">Version 2 x A5 for printing<\/figcaption><\/figure>\n<p style=\"text-align: left;\"><strong>BROCHURE OF ARSER<\/strong><\/p>\n<hr \/>\n<figure id=\"attachment_1932\" aria-describedby=\"caption-attachment-1932\" style=\"width: 300px\" class=\"wp-caption aligncenter\"><a href=\"https:\/\/resra.bruet.com\/wp-content\/uploads\/2017\/11\/ARSER-Triptyque-nov.-2017.pdf\"><img loading=\"lazy\" decoding=\"async\" class=\"wp-image-1932 size-medium\" src=\"https:\/\/resra.bruet.com\/wp-content\/uploads\/2017\/11\/ARSER-Triptyque-nov.-2017-300x212.jpg\" alt=\"\" width=\"300\" height=\"212\" srcset=\"https:\/\/resra.bruet.com\/wp-content\/uploads\/2017\/11\/ARSER-Triptyque-nov.-2017-300x212.jpg 300w, https:\/\/resra.bruet.com\/wp-content\/uploads\/2017\/11\/ARSER-Triptyque-nov.-2017-768x543.jpg 768w, https:\/\/resra.bruet.com\/wp-content\/uploads\/2017\/11\/ARSER-Triptyque-nov.-2017-1024x724.jpg 1024w, https:\/\/resra.bruet.com\/wp-content\/uploads\/2017\/11\/ARSER-Triptyque-nov.-2017-1200x849.jpg 1200w\" sizes=\"auto, (max-width: 300px) 85vw, 300px\" \/><\/a><figcaption id=\"caption-attachment-1932\" class=\"wp-caption-text\">Brochure for printing<\/figcaption><\/figure>\n<p>&nbsp;<\/p>\n<hr \/>\n<p style=\"text-align: left;\"><strong>PARTENAIRE POUR LA PRODUCTION DES VID\u00c9OS<\/strong><br \/>\n<a href=\"http:\/\/www.lesfilmsdelarche.com\/\"><img loading=\"lazy\" decoding=\"async\" class=\"aligncenter wp-image-56 size-full\" src=\"https:\/\/resra.bruet.com\/wp-content\/uploads\/2016\/10\/logo-film-de-larche.png\" alt=\"logo-film-de-larche\" width=\"230\" height=\"132\" \/><\/a><\/p>\n<p><\/p>","protected":false},"excerpt":{"rendered":"<p>GUIDE PRATIQUE DE LA RADIOTH\u00c9RAPIE Docteur Sylvie Delanian Pr\u00e9face du\u00a0Professeur Maurice Tubiana La radioth\u00e9rapie a v\u00e9cu lors de la derni\u00e8re d\u00e9cennie, une profonde mutation faisant glisser le m\u00e9tier des savoirs et pratiques anciens anatomo-cliniques palpables \u00e0 des rep\u00e8res d\u00e9mat\u00e9rialis\u00e9s 3D. Aussi, plut\u00f4t que d&#8217;aborder des innovations indisponibles, ce livre a \u00e9t\u00e9 con\u00e7u pour d\u00e9crire les &hellip; <a href=\"https:\/\/resra.bruet.com\/en\/publications\/\" class=\"more-link\">Continue reading<span class=\"screen-reader-text\"> &#8220;Publications and Partners&#8221;<\/span><\/a><\/p>\n","protected":false},"author":1,"featured_media":0,"parent":0,"menu_order":0,"comment_status":"closed","ping_status":"closed","template":"","meta":{"_bbp_topic_count":0,"_bbp_reply_count":0,"_bbp_total_topic_count":0,"_bbp_total_reply_count":0,"_bbp_voice_count":0,"_bbp_anonymous_reply_count":0,"_bbp_topic_count_hidden":0,"_bbp_reply_count_hidden":0,"_bbp_forum_subforum_count":0,"footnotes":""},"class_list":["post-54","page","type-page","status-publish","hentry"],"yoast_head":"<!-- This site is optimized with the Yoast SEO plugin v27.1.1 - https:\/\/yoast.com\/product\/yoast-seo-wordpress\/ -->\r\n<title>Publications and Partners - Association pour la Recherche sur les S\u00e9quelles de la Radioth\u00e9rapie<\/title>\r\n<meta name=\"robots\" content=\"index, follow, max-snippet:-1, max-image-preview:large, max-video-preview:-1\" \/>\r\n<link rel=\"canonical\" href=\"https:\/\/resra.bruet.com\/en\/publications\/\" \/>\r\n<meta property=\"og:locale\" content=\"en_US\" \/>\r\n<meta property=\"og:type\" content=\"article\" \/>\r\n<meta property=\"og:title\" content=\"Publications and Partners - Association pour la Recherche sur les S\u00e9quelles de la Radioth\u00e9rapie\" \/>\r\n<meta property=\"og:description\" content=\"GUIDE PRATIQUE DE LA RADIOTH\u00c9RAPIE Docteur Sylvie Delanian Pr\u00e9face du\u00a0Professeur Maurice Tubiana La radioth\u00e9rapie a v\u00e9cu lors de la derni\u00e8re d\u00e9cennie, une profonde mutation faisant glisser le m\u00e9tier des savoirs et pratiques anciens anatomo-cliniques palpables \u00e0 des rep\u00e8res d\u00e9mat\u00e9rialis\u00e9s 3D. Aussi, plut\u00f4t que d&#8217;aborder des innovations indisponibles, ce livre a \u00e9t\u00e9 con\u00e7u pour d\u00e9crire les &hellip; Continue reading &quot;Publications and Partners&quot;\" \/>\r\n<meta property=\"og:url\" content=\"https:\/\/resra.bruet.com\/en\/publications\/\" \/>\r\n<meta property=\"og:site_name\" content=\"Association pour la Recherche sur les S\u00e9quelles de la Radioth\u00e9rapie\" \/>\r\n<meta property=\"article:publisher\" content=\"https:\/\/www.facebook.com\/profile.php?id=100086562396208\" \/>\r\n<meta property=\"article:modified_time\" content=\"2024-06-05T14:48:18+00:00\" \/>\r\n<meta property=\"og:image\" content=\"https:\/\/resra.bruet.com\/wp-content\/uploads\/2016\/10\/Guide-pratique-radiotherapie-mes-carnets-de-centrage.jpg\" \/>\r\n<meta name=\"twitter:card\" content=\"summary_large_image\" \/>\r\n<meta name=\"twitter:label1\" content=\"Est. reading time\" \/>\n\t<meta name=\"twitter:data1\" content=\"3 minutes\" \/>\r\n<script type=\"application\/ld+json\" class=\"yoast-schema-graph\">{\"@context\":\"https:\/\/schema.org\",\"@graph\":[{\"@type\":\"WebPage\",\"@id\":\"https:\/\/resra.bruet.com\/en\/publications\/\",\"url\":\"https:\/\/resra.bruet.com\/en\/publications\/\",\"name\":\"Publications and Partners - Association pour la Recherche sur les S\u00e9quelles de la Radioth\u00e9rapie\",\"isPartOf\":{\"@id\":\"https:\/\/resra.bruet.com\/en\/#website\"},\"primaryImageOfPage\":{\"@id\":\"https:\/\/resra.bruet.com\/en\/publications\/#primaryimage\"},\"image\":{\"@id\":\"https:\/\/resra.bruet.com\/publications\/#primaryimage\"},\"thumbnailUrl\":\"https:\/\/resra.bruet.com\/wp-content\/uploads\/2016\/10\/Guide-pratique-radiotherapie-mes-carnets-de-centrage.jpg\",\"datePublished\":\"2016-10-31T11:28:33+00:00\",\"dateModified\":\"2024-06-05T14:48:18+00:00\",\"breadcrumb\":{\"@id\":\"https:\/\/resra.bruet.com\/en\/publications\/#breadcrumb\"},\"inLanguage\":\"en-US\",\"potentialAction\":[{\"@type\":\"ReadAction\",\"target\":[[\"https:\/\/resra.bruet.com\/en\/publications\/\"]]}]},{\"@type\":\"ImageObject\",\"inLanguage\":\"en-US\",\"@id\":\"https:\/\/resra.bruet.com\/en\/publications\/#primaryimage\",\"url\":\"https:\/\/resra.bruet.com\/wp-content\/uploads\/2016\/10\/Guide-pratique-radiotherapie-mes-carnets-de-centrage.jpg\",\"contentUrl\":\"https:\/\/resra.bruet.com\/wp-content\/uploads\/2016\/10\/Guide-pratique-radiotherapie-mes-carnets-de-centrage.jpg\"},{\"@type\":\"BreadcrumbList\",\"@id\":\"https:\/\/resra.bruet.com\/en\/publications\/#breadcrumb\",\"itemListElement\":[{\"@type\":\"ListItem\",\"position\":1,\"name\":\"Accueil\",\"item\":\"https:\/\/resra.bruet.com\/en\/\"},{\"@type\":\"ListItem\",\"position\":2,\"name\":\"Publications et Partenaires\"}]},{\"@type\":\"WebSite\",\"@id\":\"https:\/\/resra.bruet.com\/en\/#website\",\"url\":\"https:\/\/resra.bruet.com\/en\/\",\"name\":\"Association pour la Recherche sur les S\u00e9quelles de la Radioth\u00e9rapie\",\"description\":\"To help patients who have undergone radiotherapy to minimize its after effects\",\"publisher\":{\"@id\":\"https:\/\/resra.bruet.com\/en\/#organization\"},\"potentialAction\":[{\"@type\":\"SearchAction\",\"target\":{\"@type\":\"EntryPoint\",\"urlTemplate\":\"https:\/\/resra.bruet.com\/en\/?s={search_term_string}\"},\"query-input\":{\"@type\":\"PropertyValueSpecification\",\"valueRequired\":true,\"valueName\":\"search_term_string\"}}],\"inLanguage\":\"en-US\"},{\"@type\":\"Organization\",\"@id\":\"https:\/\/resra.bruet.com\/en\/#organization\",\"name\":\"Association pour la Recherche sur les S\u00e9quelles de la Radioth\u00e9rapie\",\"url\":\"https:\/\/resra.bruet.com\/en\/\",\"logo\":{\"@type\":\"ImageObject\",\"inLanguage\":\"en-US\",\"@id\":\"https:\/\/resra.bruet.com\/en\/#\/schema\/logo\/image\/\",\"url\":\"https:\/\/resra.bruet.com\/wp-content\/uploads\/2022\/03\/logo-Grand-ARSER-web-carre.jpg\",\"contentUrl\":\"https:\/\/resra.bruet.com\/wp-content\/uploads\/2022\/03\/logo-Grand-ARSER-web-carre.jpg\",\"width\":300,\"height\":300,\"caption\":\"Association pour la Recherche sur les S\u00e9quelles de la Radioth\u00e9rapie\"},\"image\":{\"@id\":\"https:\/\/resra.bruet.com\/en\/#\/schema\/logo\/image\/\"},\"sameAs\":[\"https:\/\/www.facebook.com\/profile.php?id=100086562396208\"]}]}<\/script>\r\n<!-- \/ Yoast SEO plugin. -->","yoast_head_json":{"title":"Publications and Partners - Association pour la Recherche sur les S\u00e9quelles de la Radioth\u00e9rapie","robots":{"index":"index","follow":"follow","max-snippet":"max-snippet:-1","max-image-preview":"max-image-preview:large","max-video-preview":"max-video-preview:-1"},"canonical":"https:\/\/resra.bruet.com\/en\/publications\/","og_locale":"en_US","og_type":"article","og_title":"Publications and Partners - Association pour la Recherche sur les S\u00e9quelles de la Radioth\u00e9rapie","og_description":"GUIDE PRATIQUE DE LA RADIOTH\u00c9RAPIE Docteur Sylvie Delanian Pr\u00e9face du\u00a0Professeur Maurice Tubiana La radioth\u00e9rapie a v\u00e9cu lors de la derni\u00e8re d\u00e9cennie, une profonde mutation faisant glisser le m\u00e9tier des savoirs et pratiques anciens anatomo-cliniques palpables \u00e0 des rep\u00e8res d\u00e9mat\u00e9rialis\u00e9s 3D. Aussi, plut\u00f4t que d&#8217;aborder des innovations indisponibles, ce livre a \u00e9t\u00e9 con\u00e7u pour d\u00e9crire les &hellip; Continue reading \"Publications and Partners\"","og_url":"https:\/\/resra.bruet.com\/en\/publications\/","og_site_name":"Association pour la Recherche sur les S\u00e9quelles de la Radioth\u00e9rapie","article_publisher":"https:\/\/www.facebook.com\/profile.php?id=100086562396208","article_modified_time":"2024-06-05T14:48:18+00:00","og_image":[{"url":"https:\/\/resra.bruet.com\/wp-content\/uploads\/2016\/10\/Guide-pratique-radiotherapie-mes-carnets-de-centrage.jpg","type":"","width":"","height":""}],"twitter_card":"summary_large_image","twitter_misc":{"Est. reading time":"3 minutes"},"schema":{"@context":"https:\/\/schema.org","@graph":[{"@type":"WebPage","@id":"https:\/\/resra.bruet.com\/en\/publications\/","url":"https:\/\/resra.bruet.com\/en\/publications\/","name":"Publications and Partners - Association pour la Recherche sur les S\u00e9quelles de la Radioth\u00e9rapie","isPartOf":{"@id":"https:\/\/resra.bruet.com\/en\/#website"},"primaryImageOfPage":{"@id":"https:\/\/resra.bruet.com\/en\/publications\/#primaryimage"},"image":{"@id":"https:\/\/resra.bruet.com\/publications\/#primaryimage"},"thumbnailUrl":"https:\/\/resra.bruet.com\/wp-content\/uploads\/2016\/10\/Guide-pratique-radiotherapie-mes-carnets-de-centrage.jpg","datePublished":"2016-10-31T11:28:33+00:00","dateModified":"2024-06-05T14:48:18+00:00","breadcrumb":{"@id":"https:\/\/resra.bruet.com\/en\/publications\/#breadcrumb"},"inLanguage":"en-US","potentialAction":[{"@type":"ReadAction","target":[["https:\/\/resra.bruet.com\/en\/publications\/"]]}]},{"@type":"ImageObject","inLanguage":"en-US","@id":"https:\/\/resra.bruet.com\/en\/publications\/#primaryimage","url":"https:\/\/resra.bruet.com\/wp-content\/uploads\/2016\/10\/Guide-pratique-radiotherapie-mes-carnets-de-centrage.jpg","contentUrl":"https:\/\/resra.bruet.com\/wp-content\/uploads\/2016\/10\/Guide-pratique-radiotherapie-mes-carnets-de-centrage.jpg"},{"@type":"BreadcrumbList","@id":"https:\/\/resra.bruet.com\/en\/publications\/#breadcrumb","itemListElement":[{"@type":"ListItem","position":1,"name":"Accueil","item":"https:\/\/resra.bruet.com\/en\/"},{"@type":"ListItem","position":2,"name":"Publications et Partenaires"}]},{"@type":"WebSite","@id":"https:\/\/resra.bruet.com\/en\/#website","url":"https:\/\/resra.bruet.com\/en\/","name":"Association pour la Recherche sur les S\u00e9quelles de la Radioth\u00e9rapie","description":"To help patients who have undergone radiotherapy to minimize its after effects","publisher":{"@id":"https:\/\/resra.bruet.com\/en\/#organization"},"potentialAction":[{"@type":"SearchAction","target":{"@type":"EntryPoint","urlTemplate":"https:\/\/resra.bruet.com\/en\/?s={search_term_string}"},"query-input":{"@type":"PropertyValueSpecification","valueRequired":true,"valueName":"search_term_string"}}],"inLanguage":"en-US"},{"@type":"Organization","@id":"https:\/\/resra.bruet.com\/en\/#organization","name":"Association pour la Recherche sur les S\u00e9quelles de la Radioth\u00e9rapie","url":"https:\/\/resra.bruet.com\/en\/","logo":{"@type":"ImageObject","inLanguage":"en-US","@id":"https:\/\/resra.bruet.com\/en\/#\/schema\/logo\/image\/","url":"https:\/\/resra.bruet.com\/wp-content\/uploads\/2022\/03\/logo-Grand-ARSER-web-carre.jpg","contentUrl":"https:\/\/resra.bruet.com\/wp-content\/uploads\/2022\/03\/logo-Grand-ARSER-web-carre.jpg","width":300,"height":300,"caption":"Association pour la Recherche sur les S\u00e9quelles de la Radioth\u00e9rapie"},"image":{"@id":"https:\/\/resra.bruet.com\/en\/#\/schema\/logo\/image\/"},"sameAs":["https:\/\/www.facebook.com\/profile.php?id=100086562396208"]}]}},"_links":{"self":[{"href":"https:\/\/resra.bruet.com\/en\/wp-json\/wp\/v2\/pages\/54","targetHints":{"allow":["GET"]}}],"collection":[{"href":"https:\/\/resra.bruet.com\/en\/wp-json\/wp\/v2\/pages"}],"about":[{"href":"https:\/\/resra.bruet.com\/en\/wp-json\/wp\/v2\/types\/page"}],"author":[{"embeddable":true,"href":"https:\/\/resra.bruet.com\/en\/wp-json\/wp\/v2\/users\/1"}],"replies":[{"embeddable":true,"href":"https:\/\/resra.bruet.com\/en\/wp-json\/wp\/v2\/comments?post=54"}],"version-history":[{"count":116,"href":"https:\/\/resra.bruet.com\/en\/wp-json\/wp\/v2\/pages\/54\/revisions"}],"predecessor-version":[{"id":18701,"href":"https:\/\/resra.bruet.com\/en\/wp-json\/wp\/v2\/pages\/54\/revisions\/18701"}],"wp:attachment":[{"href":"https:\/\/resra.bruet.com\/en\/wp-json\/wp\/v2\/media?parent=54"}],"curies":[{"name":"wp","href":"https:\/\/api.w.org\/{rel}","templated":true}]}}